{"id":28,"date":"2026-03-31T02:05:39","date_gmt":"2026-03-31T02:05:39","guid":{"rendered":"https:\/\/transk.net\/?page_id=28"},"modified":"2026-04-27T18:28:44","modified_gmt":"2026-04-27T18:28:44","slug":"lancamento","status":"publish","type":"page","link":"https:\/\/transk.net\/en\/lancamento\/","title":{"rendered":"Lancamento"},"content":{"rendered":"<div data-elementor-type=\"wp-page\" data-elementor-id=\"28\" class=\"elementor elementor-28\" data-elementor-settings=\"{&quot;ha_cmc_init_switcher&quot;:&quot;no&quot;}\">\n\t\t\t\t<div class=\"elementor-element elementor-element-a00b266 elementor-hidden-mobile e-flex e-con-boxed e-con e-parent\" data-id=\"a00b266\" data-element_type=\"container\" data-e-type=\"container\" data-settings=\"{&quot;background_background&quot;:&quot;classic&quot;,&quot;_ha_eqh_enable&quot;:false}\">\n\t\t\t\t\t<div class=\"e-con-inner\">\n\t\t\t\t<div class=\"elementor-element elementor-element-dfc3ee7 e-con e-atomic-element e-flexbox-base e-dfc3ee7-64123fd\" data-id=\"dfc3ee7\" data-element_type=\"e-flexbox\" data-e-type=\"e-flexbox\" data-interaction-id=\"dfc3ee7\">\n\t\t\t\t<div class=\"elementor-element elementor-element-097000d elementor-widget__width-initial elementor-widget elementor-widget-html\" data-id=\"097000d\" data-element_type=\"widget\" data-e-type=\"widget\" data-widget_type=\"html.default\">\n\t\t\t\t\t<!-- IMPORTANTE: Cole este c\u00f3digo em um widget HTML dentro do Elementor -->\r\n\r\n<!-- Fonte Poppins -->\r\n<link href=\"https:\/\/fonts.googleapis.com\/css2?family=Poppins:wght@400;600;700&display=swap\" rel=\"stylesheet\">\r\n\r\n<div style=\"width:100%; min-height:80vh; display:flex; align-items:lefit; justify-content:left;\">\r\n  <div style=\"font-family: 'Poppins', sans-serif; text-align:left; padding:40px 20px; max-width:800px; margin:0 auto;\">\r\n\r\n  <!-- T\u00edtulo -->\r\n  <h1 style=\"font-size:42px; font-weight:700; color:#111; margin-bottom:20px;\">\r\n    Transformando gest\u00e3o em resultados reais\r\n  <\/h1>\r\n<br>\r\n  <!-- Subt\u00edtulo -->\r\n  <p style=\"font-size:18px; color:#666; margin-bottom:30px;\">\r\n    Estamos preparando uma experi\u00eancia completa para levar sua empresa a um novo n\u00edvel de efici\u00eancia, estrat\u00e9gia e performance.\r\n  <\/p>\r\n\r\n  <!-- Linha decorativa -->\r\n  <div style=\"width:80px; height:4px; background:#94227B; content:left; 30px auto;\"><\/div>\r\n<br>\r\n  <!-- Texto -->\r\n  <p style=\"color:#777; margin-bottom:40px; line-height:1.6;\">\r\n    Nosso site est\u00e1 em desenvolvimento, mas nossa miss\u00e3o j\u00e1 est\u00e1 em a\u00e7\u00e3o: ajudar empresas a estruturarem sua gest\u00e3o com clareza, organiza\u00e7\u00e3o e foco em resultados consistentes.\r\n  <\/p>\r\n\r\n  <!-- Bot\u00f5es -->\r\n  <div style=\"display:flex; justify-content:left; gap:15px; flex-wrap:wrap;\">\r\n    <a href=\"#\" style=\"background:#94227B; color:#fff; padding:12px 24px; border-radius:12px; text-decoration:none; font-weight:600;\">\r\n      Entrar em contato\r\n    <\/a>\r\n  <\/div>\r\n  <\/div>\r\n<\/div>\t\t\t\t<\/div>\n\t\t\t\t<\/div>\n\t\t\t\t\t<\/div>\n\t\t\t\t<\/div>\n\t\t<div class=\"elementor-element elementor-element-ec4a275 elementor-hidden-desktop elementor-hidden-tablet e-flex e-con-boxed e-con e-parent\" data-id=\"ec4a275\" data-element_type=\"container\" data-e-type=\"container\" data-settings=\"{&quot;_ha_eqh_enable&quot;:false}\">\n\t\t\t\t\t<div class=\"e-con-inner\">\n\t\t\t\t<div class=\"elementor-element elementor-element-1925197 e-con e-atomic-element e-flexbox-base e-1925197-ee67316\" data-id=\"1925197\" data-element_type=\"e-flexbox\" data-e-type=\"e-flexbox\" data-interaction-id=\"1925197\">\n\t\t\t\t<div class=\"elementor-element elementor-element-538c004 elementor-widget__width-initial elementor-widget elementor-widget-html\" data-id=\"538c004\" data-element_type=\"widget\" data-e-type=\"widget\" data-widget_type=\"html.default\">\n\t\t\t\t\t<!-- IMPORTANTE: Cole este c\u00f3digo em um widget HTML dentro do Elementor -->\r\n\r\n<!-- Fonte Poppins -->\r\n<link href=\"https:\/\/fonts.googleapis.com\/css2?family=Poppins:wght@400;600;700&display=swap\" rel=\"stylesheet\">\r\n\r\n<div style=\"width:100%; min-height:80vh; display:flex; align-items:lefit; justify-content:center;\">\r\n  <div style=\"font-family: 'Poppins', sans-serif; text-align:center; padding:40px 20px; max-width:800px; margin:0 auto;\">\r\n\r\n  <!-- T\u00edtulo -->\r\n  <h1 style=\"font-size:42px; font-weight:700; color:#111; margin-bottom:20px;\">\r\n    Transformando gest\u00e3o em resultados reais\r\n  <\/h1>\r\n\r\n  <!-- Subt\u00edtulo -->\r\n  <p style=\"font-size:18px; color:#666; margin-bottom:30px;\">\r\n    Estamos preparando uma experi\u00eancia completa para levar sua empresa a um novo n\u00edvel de efici\u00eancia, estrat\u00e9gia e performance.\r\n  <\/p>\r\n\r\n\r\n  <!-- Texto -->\r\n  <p style=\"color:#777; margin-bottom:40px; line-height:1.6;\">\r\n    Nosso site est\u00e1 em desenvolvimento, mas nossa miss\u00e3o j\u00e1 est\u00e1 em a\u00e7\u00e3o: ajudar empresas a estruturarem sua gest\u00e3o com clareza, organiza\u00e7\u00e3o e foco em resultados consistentes.\r\n  <\/p>\r\n\r\n  <!-- Bot\u00f5es -->\r\n  <div style=\"display:flex; justify-content:center; gap:15px; flex-wrap:wrap;\">\r\n    <a href=\"#\" style=\"background:#94227B; color:#fff; padding:12px 24px; border-radius:12px; text-decoration:none; font-weight:600;\">\r\n      Entrar em contato\r\n    <\/a>\r\n\r\n  <\/div>\r\n\r\n  <\/div>\r\n<\/div>\t\t\t\t<\/div>\n\t\t\t\t<\/div>\n\t\t\t\t\t<\/div>\n\t\t\t\t<\/div>\n\t\t<div class=\"elementor-element elementor-element-9c5a420 e-flex e-con-boxed e-con e-parent\" data-id=\"9c5a420\" data-element_type=\"container\" data-e-type=\"container\" data-settings=\"{&quot;_ha_eqh_enable&quot;:false}\">\n\t\t\t\t\t<div class=\"e-con-inner\">\n\t\t\t\t\t\t\t\n\t\t\t<img class=\"e-image-base e-7f1ee33-26fcd23\" \n\t\t\t\t\tdata-interaction-id=\"7f1ee33\" \n\t\t \n\t\t \n\t\t\t\t\t\t\t\t\tid=\"39\"\n\t\t\t\t\t\t\t\t\t\t\t\tsrc=\"https:\/\/transk.net\/wp-content\/uploads\/2026\/03\/logo-1-193x300.png\"\n\t\t\t\t\t\t\t\t\t\t\t\twidth=\"193\"\n\t\t\t\t\t\t\t\t\t\t\t\theight=\"300\"\n\t\t\t\t\t\t\t\t\t\t\t\tsrcset=\"https:\/\/transk.net\/wp-content\/uploads\/2026\/03\/logo-1-193x300.png 193w, https:\/\/transk.net\/wp-content\/uploads\/2026\/03\/logo-1.png 575w\"\n\t\t\t\t\t\t\t\t\t\t\t\talt=\"\"\n\t\t\t\t\t\t\/>\n\t\t\t\t\t\t\t\t\t<p class=\"e-068c0da-3d3ea0a e-paragraph-base\" data-interaction-id=\"068c0da\"  >\n\t\t\t\t\t\t\t\t<a target=\"_blank\" href=\"mailto:rose.longo@transk.com.br\" id=\"e-mne334id-9mcavgt\">rose.longo@transk.com.br<\/a>\n\t\t\t\t\t<\/p>\n\t\t\t\t\t\t\t\t<p class=\"e-41bfc68-1756ce1 e-paragraph-base\" data-interaction-id=\"41bfc68\"  >\n\t\t\t\t\t\t\t\t+55 11 99189-6847\n\t\t\t\t\t<\/p>\n\t\t\t\t\t<\/div>\n\t\t\t\t<\/div>\n\t\t\t\t<\/div>","protected":false},"excerpt":{"rendered":"<p>Transformando gest\u00e3o em resultados reais Estamos preparando uma experi\u00eancia completa para levar sua empresa a um novo n\u00edvel de efici\u00eancia, estrat\u00e9gia e performance. Nosso site est\u00e1 em desenvolvimento, mas nossa miss\u00e3o j\u00e1 est\u00e1 em a\u00e7\u00e3o: ajudar empresas a estruturarem sua gest\u00e3o com clareza, organiza\u00e7\u00e3o e foco em resultados consistentes. Entrar em contato Transformando gest\u00e3o em [&hellip;]<\/p>\n","protected":false},"author":1,"featured_media":0,"parent":0,"menu_order":0,"comment_status":"closed","ping_status":"closed","template":"elementor_canvas","meta":{"footnotes":""},"class_list":["post-28","page","type-page","status-publish","hentry"],"yoast_head":"<!-- This site is optimized with the Yoast SEO plugin v27.5 - https:\/\/yoast.com\/product\/yoast-seo-wordpress\/ -->\n<title>Transk | Solu\u00e7\u00f5es Estrat\u00e9gicas e Gest\u00e3o Empresarial<\/title>\n<meta name=\"description\" content=\"Consultoria em gest\u00e3o estrat\u00e9gica, governan\u00e7a e desenvolvimento corporativo. Solu\u00e7\u00f5es personalizadas para sua empresa crescer.\" \/>\n<meta name=\"robots\" content=\"index, follow, max-snippet:-1, max-image-preview:large, max-video-preview:-1\" \/>\n<link rel=\"canonical\" href=\"https:\/\/www.transk.com.br\/lancamento\/\" \/>\n<meta property=\"og:locale\" content=\"en_GB\" \/>\n<meta property=\"og:type\" content=\"article\" \/>\n<meta property=\"og:title\" content=\"Transk | Solu\u00e7\u00f5es Estrat\u00e9gicas e Gest\u00e3o Empresarial\" \/>\n<meta property=\"og:description\" content=\"Consultoria em gest\u00e3o estrat\u00e9gica, governan\u00e7a e desenvolvimento corporativo. Solu\u00e7\u00f5es personalizadas para sua empresa crescer.\" \/>\n<meta property=\"og:url\" content=\"https:\/\/www.transk.com.br\/lancamento\/\" \/>\n<meta property=\"og:site_name\" content=\"Elevamos sua gest\u00e3o ao pr\u00f3ximo n\u00edvel\" \/>\n<meta property=\"article:modified_time\" content=\"2026-04-27T18:28:44+00:00\" \/>\n<meta property=\"og:image\" content=\"https:\/\/transk.net\/wp-content\/uploads\/2026\/03\/logo-1-193x300.png\" \/>\n<meta name=\"twitter:card\" content=\"summary_large_image\" \/>\n<meta name=\"twitter:label1\" content=\"Est. reading time\" \/>\n\t<meta name=\"twitter:data1\" content=\"1 minute\" \/>\n<script type=\"application\/ld+json\" class=\"yoast-schema-graph\">{\"@context\":\"https:\\\/\\\/schema.org\",\"@graph\":[{\"@type\":\"WebPage\",\"@id\":\"https:\\\/\\\/www.transk.com.br\\\/lancamento\\\/\",\"url\":\"https:\\\/\\\/www.transk.com.br\\\/lancamento\\\/\",\"name\":\"Transk | Solu\u00e7\u00f5es Estrat\u00e9gicas e Gest\u00e3o Empresarial\",\"isPartOf\":{\"@id\":\"https:\\\/\\\/www.transk.com.br\\\/#website\"},\"primaryImageOfPage\":{\"@id\":\"https:\\\/\\\/www.transk.com.br\\\/lancamento\\\/#primaryimage\"},\"image\":{\"@id\":\"https:\\\/\\\/www.transk.com.br\\\/lancamento\\\/#primaryimage\"},\"thumbnailUrl\":\"https:\\\/\\\/transk.net\\\/wp-content\\\/uploads\\\/2026\\\/03\\\/logo-1-193x300.png\",\"datePublished\":\"2026-03-31T02:05:39+00:00\",\"dateModified\":\"2026-04-27T18:28:44+00:00\",\"description\":\"Consultoria em gest\u00e3o estrat\u00e9gica, governan\u00e7a e desenvolvimento corporativo. Solu\u00e7\u00f5es personalizadas para sua empresa crescer.\",\"breadcrumb\":{\"@id\":\"https:\\\/\\\/www.transk.com.br\\\/lancamento\\\/#breadcrumb\"},\"inLanguage\":\"en-GB\",\"potentialAction\":[{\"@type\":\"ReadAction\",\"target\":[\"https:\\\/\\\/www.transk.com.br\\\/lancamento\\\/\"]}]},{\"@type\":\"ImageObject\",\"inLanguage\":\"en-GB\",\"@id\":\"https:\\\/\\\/www.transk.com.br\\\/lancamento\\\/#primaryimage\",\"url\":\"https:\\\/\\\/transk.net\\\/wp-content\\\/uploads\\\/2026\\\/03\\\/logo-1-193x300.png\",\"contentUrl\":\"https:\\\/\\\/transk.net\\\/wp-content\\\/uploads\\\/2026\\\/03\\\/logo-1-193x300.png\"},{\"@type\":\"BreadcrumbList\",\"@id\":\"https:\\\/\\\/www.transk.com.br\\\/lancamento\\\/#breadcrumb\",\"itemListElement\":[{\"@type\":\"ListItem\",\"position\":1,\"name\":\"In\u00edcio\",\"item\":\"https:\\\/\\\/www.transk.com.br\\\/\"},{\"@type\":\"ListItem\",\"position\":2,\"name\":\"Lancamento\"}]},{\"@type\":\"WebSite\",\"@id\":\"https:\\\/\\\/www.transk.com.br\\\/#website\",\"url\":\"https:\\\/\\\/www.transk.com.br\\\/\",\"name\":\"Transk Solu\u00e7\u00f5es Estrat\u00e9gicas\",\"description\":\"A Transk \u00e9 uma empresa especializada em solu\u00e7\u00f5es estrat\u00e9gicas em gest\u00e3o, conhecimento e governan\u00e7a corporativa, ajudando organiza\u00e7\u00f5es a evolu\u00edrem com foco em resultados, inova\u00e7\u00e3o e desenvolvimento cont\u00ednuo.\",\"publisher\":{\"@id\":\"https:\\\/\\\/www.transk.com.br\\\/#organization\"},\"alternateName\":\"Transk Solu\u00e7\u00f5es Estrat\u00e9gicas\",\"potentialAction\":[{\"@type\":\"SearchAction\",\"target\":{\"@type\":\"EntryPoint\",\"urlTemplate\":\"https:\\\/\\\/www.transk.com.br\\\/?s={search_term_string}\"},\"query-input\":{\"@type\":\"PropertyValueSpecification\",\"valueRequired\":true,\"valueName\":\"search_term_string\"}}],\"inLanguage\":\"en-GB\"},{\"@type\":\"Organization\",\"@id\":\"https:\\\/\\\/www.transk.com.br\\\/#organization\",\"name\":\"Transk Solu\u00e7\u00f5es Estrat\u00e9gicas\",\"alternateName\":\"Transk Solu\u00e7\u00f5es Estrat\u00e9gicas\",\"url\":\"https:\\\/\\\/www.transk.com.br\\\/\",\"logo\":{\"@type\":\"ImageObject\",\"inLanguage\":\"en-GB\",\"@id\":\"https:\\\/\\\/www.transk.com.br\\\/#\\\/schema\\\/logo\\\/image\\\/\",\"url\":\"https:\\\/\\\/transk.net\\\/wp-content\\\/uploads\\\/2026\\\/03\\\/cropped-logo.png\",\"contentUrl\":\"https:\\\/\\\/transk.net\\\/wp-content\\\/uploads\\\/2026\\\/03\\\/cropped-logo.png\",\"width\":512,\"height\":512,\"caption\":\"Transk Solu\u00e7\u00f5es Estrat\u00e9gicas\"},\"image\":{\"@id\":\"https:\\\/\\\/www.transk.com.br\\\/#\\\/schema\\\/logo\\\/image\\\/\"}}]}<\/script>\n<!-- \/ Yoast SEO plugin. -->","yoast_head_json":{"title":"Transk | Solu\u00e7\u00f5es Estrat\u00e9gicas e Gest\u00e3o Empresarial","description":"Consultoria em gest\u00e3o estrat\u00e9gica, governan\u00e7a e desenvolvimento corporativo. Solu\u00e7\u00f5es personalizadas para sua empresa crescer.","robots":{"index":"index","follow":"follow","max-snippet":"max-snippet:-1","max-image-preview":"max-image-preview:large","max-video-preview":"max-video-preview:-1"},"canonical":"https:\/\/www.transk.com.br\/lancamento\/","og_locale":"en_GB","og_type":"article","og_title":"Transk | Solu\u00e7\u00f5es Estrat\u00e9gicas e Gest\u00e3o Empresarial","og_description":"Consultoria em gest\u00e3o estrat\u00e9gica, governan\u00e7a e desenvolvimento corporativo. Solu\u00e7\u00f5es personalizadas para sua empresa crescer.","og_url":"https:\/\/www.transk.com.br\/lancamento\/","og_site_name":"Elevamos sua gest\u00e3o ao pr\u00f3ximo n\u00edvel","article_modified_time":"2026-04-27T18:28:44+00:00","og_image":[{"url":"https:\/\/transk.net\/wp-content\/uploads\/2026\/03\/logo-1-193x300.png","type":"","width":"","height":""}],"twitter_card":"summary_large_image","twitter_misc":{"Est. reading time":"1 minute"},"schema":{"@context":"https:\/\/schema.org","@graph":[{"@type":"WebPage","@id":"https:\/\/www.transk.com.br\/lancamento\/","url":"https:\/\/www.transk.com.br\/lancamento\/","name":"Transk | Solu\u00e7\u00f5es Estrat\u00e9gicas e Gest\u00e3o Empresarial","isPartOf":{"@id":"https:\/\/www.transk.com.br\/#website"},"primaryImageOfPage":{"@id":"https:\/\/www.transk.com.br\/lancamento\/#primaryimage"},"image":{"@id":"https:\/\/www.transk.com.br\/lancamento\/#primaryimage"},"thumbnailUrl":"https:\/\/transk.net\/wp-content\/uploads\/2026\/03\/logo-1-193x300.png","datePublished":"2026-03-31T02:05:39+00:00","dateModified":"2026-04-27T18:28:44+00:00","description":"Consultoria em gest\u00e3o estrat\u00e9gica, governan\u00e7a e desenvolvimento corporativo. Solu\u00e7\u00f5es personalizadas para sua empresa crescer.","breadcrumb":{"@id":"https:\/\/www.transk.com.br\/lancamento\/#breadcrumb"},"inLanguage":"en-GB","potentialAction":[{"@type":"ReadAction","target":["https:\/\/www.transk.com.br\/lancamento\/"]}]},{"@type":"ImageObject","inLanguage":"en-GB","@id":"https:\/\/www.transk.com.br\/lancamento\/#primaryimage","url":"https:\/\/transk.net\/wp-content\/uploads\/2026\/03\/logo-1-193x300.png","contentUrl":"https:\/\/transk.net\/wp-content\/uploads\/2026\/03\/logo-1-193x300.png"},{"@type":"BreadcrumbList","@id":"https:\/\/www.transk.com.br\/lancamento\/#breadcrumb","itemListElement":[{"@type":"ListItem","position":1,"name":"In\u00edcio","item":"https:\/\/www.transk.com.br\/"},{"@type":"ListItem","position":2,"name":"Lancamento"}]},{"@type":"WebSite","@id":"https:\/\/www.transk.com.br\/#website","url":"https:\/\/www.transk.com.br\/","name":"Transk Solu\u00e7\u00f5es Estrat\u00e9gicas","description":"A Transk \u00e9 uma empresa especializada em solu\u00e7\u00f5es estrat\u00e9gicas em gest\u00e3o, conhecimento e governan\u00e7a corporativa, ajudando organiza\u00e7\u00f5es a evolu\u00edrem com foco em resultados, inova\u00e7\u00e3o e desenvolvimento cont\u00ednuo.","publisher":{"@id":"https:\/\/www.transk.com.br\/#organization"},"alternateName":"Transk Solu\u00e7\u00f5es Estrat\u00e9gicas","potentialAction":[{"@type":"SearchAction","target":{"@type":"EntryPoint","urlTemplate":"https:\/\/www.transk.com.br\/?s={search_term_string}"},"query-input":{"@type":"PropertyValueSpecification","valueRequired":true,"valueName":"search_term_string"}}],"inLanguage":"en-GB"},{"@type":"Organization","@id":"https:\/\/www.transk.com.br\/#organization","name":"Transk Solu\u00e7\u00f5es Estrat\u00e9gicas","alternateName":"Transk Solu\u00e7\u00f5es Estrat\u00e9gicas","url":"https:\/\/www.transk.com.br\/","logo":{"@type":"ImageObject","inLanguage":"en-GB","@id":"https:\/\/www.transk.com.br\/#\/schema\/logo\/image\/","url":"https:\/\/transk.net\/wp-content\/uploads\/2026\/03\/cropped-logo.png","contentUrl":"https:\/\/transk.net\/wp-content\/uploads\/2026\/03\/cropped-logo.png","width":512,"height":512,"caption":"Transk Solu\u00e7\u00f5es Estrat\u00e9gicas"},"image":{"@id":"https:\/\/www.transk.com.br\/#\/schema\/logo\/image\/"}}]}},"_hostinger_reach_plugin_has_subscription_block":false,"_hostinger_reach_plugin_is_elementor":false,"_links":{"self":[{"href":"https:\/\/transk.net\/en\/wp-json\/wp\/v2\/pages\/28","targetHints":{"allow":["GET"]}}],"collection":[{"href":"https:\/\/transk.net\/en\/wp-json\/wp\/v2\/pages"}],"about":[{"href":"https:\/\/transk.net\/en\/wp-json\/wp\/v2\/types\/page"}],"author":[{"embeddable":true,"href":"https:\/\/transk.net\/en\/wp-json\/wp\/v2\/users\/1"}],"replies":[{"embeddable":true,"href":"https:\/\/transk.net\/en\/wp-json\/wp\/v2\/comments?post=28"}],"version-history":[{"count":76,"href":"https:\/\/transk.net\/en\/wp-json\/wp\/v2\/pages\/28\/revisions"}],"predecessor-version":[{"id":1918,"href":"https:\/\/transk.net\/en\/wp-json\/wp\/v2\/pages\/28\/revisions\/1918"}],"wp:attachment":[{"href":"https:\/\/transk.net\/en\/wp-json\/wp\/v2\/media?parent=28"}],"curies":[{"name":"wp","href":"https:\/\/api.w.org\/{rel}","templated":true}]}}