{"id":25,"date":"2026-03-31T01:42:45","date_gmt":"2026-03-31T01:42:45","guid":{"rendered":"https:\/\/transk.net\/?page_id=25"},"modified":"2026-04-27T18:27:38","modified_gmt":"2026-04-27T18:27:38","slug":"contatos","status":"publish","type":"page","link":"https:\/\/transk.net\/en\/contatos\/","title":{"rendered":"Contacts"},"content":{"rendered":"\t\t<div data-elementor-type=\"wp-page\" data-elementor-id=\"25\" class=\"elementor elementor-25\" data-elementor-settings=\"{&quot;ha_cmc_init_switcher&quot;:&quot;no&quot;}\">\n\t\t\t\t<div class=\"elementor-element elementor-element-29f927d9 e-flex e-con-boxed e-con e-parent\" data-id=\"29f927d9\" data-element_type=\"container\" data-e-type=\"container\" data-settings=\"{&quot;background_background&quot;:&quot;classic&quot;,&quot;_ha_eqh_enable&quot;:false}\">\n\t\t\t\t\t<div class=\"e-con-inner\">\n\t\t<div class=\"elementor-element elementor-element-340c143f e-con-full e-flex e-con e-child\" data-id=\"340c143f\" data-element_type=\"container\" data-e-type=\"container\" data-settings=\"{&quot;_ha_eqh_enable&quot;:false}\">\n\t\t\t\t<div class=\"elementor-element elementor-element-5aebcdec elementor-widget elementor-widget-heading\" data-id=\"5aebcdec\" data-element_type=\"widget\" data-e-type=\"widget\" data-widget_type=\"heading.default\">\n\t\t\t\t\t<h2 class=\"elementor-heading-title elementor-size-default\">Vamos <br>Conversar?<\/h2>\t\t\t\t<\/div>\n\t\t\t\t<div class=\"elementor-element elementor-element-3dd32587 elementor-widget elementor-widget-text-editor\" data-id=\"3dd32587\" data-element_type=\"widget\" data-e-type=\"widget\" data-widget_type=\"text-editor.default\">\n\t\t\t\t\t\t\t\t\t<p>D\u00ea o pr\u00f3ximo passo rumo \u00e0 evolu\u00e7\u00e3o do seu neg\u00f3cio. Estamos aqui para ajudar voc\u00ea a transformar ideias em resultados.<\/p>\t\t\t\t\t\t\t\t<\/div>\n\t\t\t\t<\/div>\n\t\t<div class=\"elementor-element elementor-element-4670ce69 e-con-full e-flex e-con e-child\" data-id=\"4670ce69\" data-element_type=\"container\" data-e-type=\"container\" data-settings=\"{&quot;_ha_eqh_enable&quot;:false}\">\n\t\t\t\t\t\t\t\n\t\t\t<img class=\"e-image-base e-6abc9cd-59bee4e\" \n\t\t\t\t\tdata-interaction-id=\"6abc9cd\" \n\t\t \n\t\t \n\t\t\t\t\t\t\t\t\tid=\"1079\"\n\t\t\t\t\t\t\t\t\t\t\t\tsrc=\"https:\/\/transk.net\/wp-content\/uploads\/2026\/04\/contatos_transk-scaled.png\"\n\t\t\t\t\t\t\t\t\t\t\t\twidth=\"2560\"\n\t\t\t\t\t\t\t\t\t\t\t\theight=\"1708\"\n\t\t\t\t\t\t\t\t\t\t\t\tsrcset=\"https:\/\/transk.net\/wp-content\/uploads\/2026\/04\/contatos_transk-scaled.png 2560w, https:\/\/transk.net\/wp-content\/uploads\/2026\/04\/contatos_transk-300x200.png 300w, https:\/\/transk.net\/wp-content\/uploads\/2026\/04\/contatos_transk-1024x683.png 1024w, https:\/\/transk.net\/wp-content\/uploads\/2026\/04\/contatos_transk-768x512.png 768w, https:\/\/transk.net\/wp-content\/uploads\/2026\/04\/contatos_transk-1536x1025.png 1536w, https:\/\/transk.net\/wp-content\/uploads\/2026\/04\/contatos_transk-2048x1366.png 2048w\"\n\t\t\t\t\t\t\t\t\t\t\t\talt=\"Mulher jovem sorrindo, com cabelo cacheado, bra\u00e7os cruzados, vestindo camisa branca com logotipo, em fundo azul esverdeado com formas abstratas em rosa\/magenta.\"\n\t\t\t\t\t\t\/>\n\t\t\t\t\t<\/div>\n\t\t\t\t\t<\/div>\n\t\t\t\t<\/div>\n\t\t<div class=\"elementor-element elementor-element-4d20891 e-flex e-con-boxed e-con e-parent\" data-id=\"4d20891\" data-element_type=\"container\" data-e-type=\"container\" data-settings=\"{&quot;_ha_eqh_enable&quot;:false}\">\n\t\t\t\t\t<div class=\"e-con-inner\">\n\t\t<div class=\"elementor-element elementor-element-7e3d82d e-con-full e-flex e-con e-child\" data-id=\"7e3d82d\" data-element_type=\"container\" data-e-type=\"container\" data-settings=\"{&quot;_ha_eqh_enable&quot;:false}\">\n\t\t\t\t<div class=\"elementor-element elementor-element-008038e elementor-widget elementor-widget-heading\" data-id=\"008038e\" data-element_type=\"widget\" data-e-type=\"widget\" data-widget_type=\"heading.default\">\n\t\t\t\t\t<h2 class=\"elementor-heading-title elementor-size-default\">Estamos aqui <br>para ajudar<\/h2>\t\t\t\t<\/div>\n\t\t\t\t\t\t\t\t<p class=\"e-a4eed71-c0fb2ad e-paragraph-base\" data-interaction-id=\"a4eed71\"  >\n\t\t\t\t\t\t\t\tConte com a Transk para otimizar seus processos. Entre em contato e vamos construir a melhor solu\u00e7\u00e3o juntos.\n\t\t\t\t\t<\/p>\n\t\t\t\t<div class=\"elementor-element elementor-element-b785259 elementor-mobile-align-center elementor-icon-list--layout-traditional elementor-list-item-link-full_width elementor-widget elementor-widget-icon-list\" data-id=\"b785259\" data-element_type=\"widget\" data-e-type=\"widget\" data-widget_type=\"icon-list.default\">\n\t\t\t\t\t\t\t<ul class=\"elementor-icon-list-items\">\n\t\t\t\t\t\t\t<li class=\"elementor-icon-list-item\">\n\t\t\t\t\t\t\t\t\t\t\t<span class=\"elementor-icon-list-icon\">\n\t\t\t\t\t\t\t<i aria-hidden=\"true\" class=\"huge huge-location-favourite-01\"><\/i>\t\t\t\t\t\t<\/span>\n\t\t\t\t\t\t\t\t\t\t<span class=\"elementor-icon-list-text\">Rua Ourinhos, 133 - Cotia\/SP<\/span>\n\t\t\t\t\t\t\t\t\t<\/li>\n\t\t\t\t\t\t\t\t<li class=\"elementor-icon-list-item\">\n\t\t\t\t\t\t\t\t\t\t\t<a href=\"https:\/\/wa.me\/5511991896847?text=Ol\u00e1,%20gostaria%20de%20mais%20informa\u00e7\u00f5es%20sobre%20os%20servi\u00e7os%20de%20gest\u00e3o%20e%20estrat\u00e9gia.\" target=\"_blank\">\n\n\t\t\t\t\t\t\t\t\t\t\t\t<span class=\"elementor-icon-list-icon\">\n\t\t\t\t\t\t\t<svg aria-hidden=\"true\" class=\"e-font-icon-svg e-fas-phone-alt\" viewBox=\"0 0 512 512\" xmlns=\"http:\/\/www.w3.org\/2000\/svg\"><path d=\"M497.39 361.8l-112-48a24 24 0 0 0-28 6.9l-49.6 60.6A370.66 370.66 0 0 1 130.6 204.11l60.6-49.6a23.94 23.94 0 0 0 6.9-28l-48-112A24.16 24.16 0 0 0 122.6.61l-104 24A24 24 0 0 0 0 48c0 256.5 207.9 464 464 464a24 24 0 0 0 23.4-18.6l24-104a24.29 24.29 0 0 0-14.01-27.6z\"><\/path><\/svg>\t\t\t\t\t\t<\/span>\n\t\t\t\t\t\t\t\t\t\t<span class=\"elementor-icon-list-text\">(11) 99189-6847<\/span>\n\t\t\t\t\t\t\t\t\t\t\t<\/a>\n\t\t\t\t\t\t\t\t\t<\/li>\n\t\t\t\t\t\t\t\t<li class=\"elementor-icon-list-item\">\n\t\t\t\t\t\t\t\t\t\t\t<span class=\"elementor-icon-list-icon\">\n\t\t\t\t\t\t\t<i aria-hidden=\"true\" class=\"huge huge-mail-open-02\"><\/i>\t\t\t\t\t\t<\/span>\n\t\t\t\t\t\t\t\t\t\t<span class=\"elementor-icon-list-text\">rose.longo@transk.com.br<\/span>\n\t\t\t\t\t\t\t\t\t<\/li>\n\t\t\t\t\t\t<\/ul>\n\t\t\t\t\t\t<\/div>\n\t\t\t\t<\/div>\n\t\t<div class=\"elementor-element elementor-element-b775eae e-con-full e-flex e-con e-child\" data-id=\"b775eae\" data-element_type=\"container\" data-e-type=\"container\" data-settings=\"{&quot;_ha_eqh_enable&quot;:false}\">\n\t\t\t\t<div class=\"elementor-element elementor-element-a33bb07 elementor-widget elementor-widget-html\" data-id=\"a33bb07\" data-element_type=\"widget\" data-e-type=\"widget\" data-widget_type=\"html.default\">\n\t\t\t\t\t<style id=\"wpforms-css-vars-1164\">\n\t\t\t\t#wpforms-1164 {\n\t\t\t\t--wpforms-field-border-radius: 15px;\n--wpforms-field-background-color: #fcf7fb;\n--wpforms-field-border-color: #ebbfe0;\n--wpforms-field-border-color-spare: #ebbfe0;\n--wpforms-field-text-color: rgba(0, 0, 0, 0.7);\n--wpforms-label-color: rgba(0, 0, 0, 0.85);\n--wpforms-label-sublabel-color: rgba(0, 0, 0, 0.55);\n--wpforms-button-border-radius: 15px;\n--wpforms-button-background-color: #94227B;\n--wpforms-button-border-color: 227B94;\n--wpforms-container-padding: 0px;\n--wpforms-container-border-width: 1px;\n--wpforms-container-border-radius: 3px;\n--wpforms-background-color: rgba(0, 0, 0, 0);\n--wpforms-field-size-input-height: 43px;\n--wpforms-field-size-input-spacing: 15px;\n--wpforms-field-size-font-size: 16px;\n--wpforms-field-size-line-height: 19px;\n--wpforms-field-size-padding-h: 14px;\n--wpforms-field-size-checkbox-size: 16px;\n--wpforms-field-size-sublabel-spacing: 5px;\n--wpforms-field-size-icon-size: 1;\n--wpforms-label-size-font-size: 16px;\n--wpforms-label-size-line-height: 19px;\n--wpforms-label-size-sublabel-font-size: 14px;\n--wpforms-label-size-sublabel-line-height: 17px;\n--wpforms-button-size-font-size: 20px;\n--wpforms-button-size-height: 48px;\n--wpforms-button-size-padding-h: 20px;\n--wpforms-button-size-margin-top: 15px;\n--wpforms-container-shadow-size-box-shadow: none;\n\t\t\t}\n\t\t\t<\/style><div class=\"wpforms-container wpforms-container-full wpforms-render-modern\" id=\"wpforms-1164\"><form id=\"wpforms-form-1164\" class=\"wpforms-validate wpforms-form wpforms-ajax-form\" data-formid=\"1164\" method=\"post\" enctype=\"multipart\/form-data\" action=\"\/en\/wp-json\/wp\/v2\/pages\/25\" data-token=\"00a8257b33842ad38ff035125d33e63e\" data-token-time=\"1778259878\"><noscript class=\"wpforms-error-noscript\">Please enable JavaScript in your browser to complete this form.<\/noscript><div id=\"wpforms-error-noscript\" style=\"display: none;\">Please enable JavaScript in your browser to complete this form.<\/div><div class=\"wpforms-field-container\"><div id=\"wpforms-1164-field_1-container\" class=\"wpforms-field wpforms-field-name\" data-field-id=\"1\"><label class=\"wpforms-field-label\" for=\"wpforms-1164-field_1\">Nome <span class=\"wpforms-required-label\" aria-hidden=\"true\">*<\/span><\/label><input type=\"text\" id=\"wpforms-1164-field_1\" class=\"wpforms-field-large wpforms-field-required\" name=\"wpforms[fields][1]\" aria-errormessage=\"wpforms-1164-field_1-error\" required><\/div><div id=\"wpforms-1164-field_5-container\" class=\"wpforms-field wpforms-field-number wpforms-one-half wpforms-first\" data-field-id=\"5\"><label class=\"wpforms-field-label\" for=\"wpforms-1164-field_5\">Telefone<\/label><input type=\"number\" id=\"wpforms-1164-field_5\" class=\"wpforms-field-large\" name=\"wpforms[fields][5]\" min=\"0\" step=\"any\" aria-errormessage=\"wpforms-1164-field_5-error\" ><\/div><div id=\"wpforms-1164-field_2-container\" class=\"wpforms-field wpforms-field-email wpforms-one-half\" data-field-id=\"2\"><label class=\"wpforms-field-label\" for=\"wpforms-1164-field_2\">E-mail <span class=\"wpforms-required-label\" aria-hidden=\"true\">*<\/span><\/label><input type=\"email\" id=\"wpforms-1164-field_2\" class=\"wpforms-field-large wpforms-field-required\" name=\"wpforms[fields][2]\" spellcheck=\"false\" aria-errormessage=\"wpforms-1164-field_2-error\" required><\/div><div id=\"wpforms-1164-field_4-container\" class=\"wpforms-field wpforms-field-text\" data-field-id=\"4\"><label class=\"wpforms-field-label\" for=\"wpforms-1164-field_4\">Assunto <span class=\"wpforms-required-label\" aria-hidden=\"true\">*<\/span><\/label><input type=\"text\" id=\"wpforms-1164-field_4\" class=\"wpforms-field-large wpforms-field-required\" name=\"wpforms[fields][4]\" aria-errormessage=\"wpforms-1164-field_4-error\" required><\/div>\t\t<div id=\"wpforms-1164-field_6-container\"\n\t\t\tclass=\"wpforms-field wpforms-field-text\"\n\t\t\tdata-field-type=\"text\"\n\t\t\tdata-field-id=\"6\"\n\t\t\t>\n\t\t\t<label class=\"wpforms-field-label\" for=\"wpforms-1164-field_6\" >sua Telefone Digite<\/label>\n\t\t\t<input type=\"text\" id=\"wpforms-1164-field_6\" class=\"wpforms-field-medium\" name=\"wpforms[fields][6]\" >\n\t\t<\/div>\n\t\t<div id=\"wpforms-1164-field_3-container\" class=\"wpforms-field wpforms-field-textarea\" data-field-id=\"3\"><label class=\"wpforms-field-label\" for=\"wpforms-1164-field_3\">Digite sua mensagem<\/label><textarea id=\"wpforms-1164-field_3\" class=\"wpforms-field-medium\" name=\"wpforms[fields][3]\" aria-errormessage=\"wpforms-1164-field_3-error\" ><\/textarea><\/div><script>\n\t\t\t\t( function() {\n\t\t\t\t\tconst style = document.createElement( 'style' );\n\t\t\t\t\tstyle.appendChild( document.createTextNode( '#wpforms-1164-field_6-container { position: absolute !important; overflow: hidden !important; display: inline !important; height: 1px !important; width: 1px !important; z-index: -1000 !important; padding: 0 !important; } #wpforms-1164-field_6-container input { visibility: hidden; } #wpforms-conversational-form-page #wpforms-1164-field_6-container label { counter-increment: none; }' ) );\n\t\t\t\t\tdocument.head.appendChild( style );\n\t\t\t\t\tdocument.currentScript?.remove();\n\t\t\t\t} )();\n\t\t\t<\/script><\/div><!-- .wpforms-field-container --><div class=\"wpforms-submit-container\" ><input type=\"hidden\" name=\"wpforms[id]\" value=\"1164\"><input type=\"hidden\" name=\"page_title\" value=\"\"><input type=\"hidden\" name=\"page_url\" value=\"https:\/\/transk.net\/en\/wp-json\/wp\/v2\/pages\/25\"><input type=\"hidden\" name=\"url_referer\" value=\"\"><button type=\"submit\" name=\"wpforms[submit]\" id=\"wpforms-submit-1164\" class=\"wpforms-submit\" data-alt-text=\"Enviando\u2026\" data-submit-text=\"Enviar\" aria-live=\"assertive\" value=\"wpforms-submit\">Enviar<\/button><img decoding=\"async\" src=\"https:\/\/transk.net\/wp-content\/plugins\/wpforms-lite\/assets\/images\/submit-spin.svg\" class=\"wpforms-submit-spinner\" style=\"display: none;\" width=\"26\" height=\"26\" alt=\"Loading\"><\/div><\/form><\/div>  <!-- .wpforms-container -->\t\t\t\t<\/div>\n\t\t\t\t<\/div>\n\t\t\t\t\t<\/div>\n\t\t\t\t<\/div>\n\t\t\t\t<\/div>\n\t\t","protected":false},"excerpt":{"rendered":"<p>Vamos Conversar? D\u00ea o pr\u00f3ximo passo rumo \u00e0 evolu\u00e7\u00e3o do seu neg\u00f3cio. Estamos aqui para ajudar voc\u00ea a transformar ideias em resultados. Estamos aqui para ajudar Conte com a Transk para otimizar seus processos. Entre em contato e vamos construir a melhor solu\u00e7\u00e3o juntos. Rua Ourinhos, 133 &#8211; Cotia\/SP (11) 99189-6847 rose.longo@transk.com.br<\/p>","protected":false},"author":1,"featured_media":0,"parent":0,"menu_order":0,"comment_status":"closed","ping_status":"closed","template":"","meta":{"footnotes":""},"class_list":["post-25","page","type-page","status-publish","hentry"],"yoast_head":"<!-- This site is optimized with the Yoast SEO plugin v27.5 - https:\/\/yoast.com\/product\/yoast-seo-wordpress\/ -->\n<title>Contatos: Entre em Contato e Evolua Seu Neg\u00f3cio<\/title>\n<meta name=\"description\" content=\"Fa\u00e7a contato e transforme seu neg\u00f3cio com a Transk. Juntos, vamos otimizar seus processos para melhores resultados.\" \/>\n<meta name=\"robots\" content=\"index, follow, max-snippet:-1, max-image-preview:large, max-video-preview:-1\" \/>\n<link rel=\"canonical\" href=\"https:\/\/transk.net\/en\/contatos\/\" \/>\n<meta property=\"og:locale\" content=\"en_GB\" \/>\n<meta property=\"og:type\" content=\"article\" \/>\n<meta property=\"og:title\" content=\"Contatos: Entre em Contato e Evolua Seu Neg\u00f3cio\" \/>\n<meta property=\"og:description\" content=\"Fa\u00e7a contato e transforme seu neg\u00f3cio com a Transk. Juntos, vamos otimizar seus processos para melhores resultados.\" \/>\n<meta property=\"og:url\" content=\"https:\/\/transk.net\/en\/contatos\/\" \/>\n<meta property=\"og:site_name\" content=\"Elevamos sua gest\u00e3o ao pr\u00f3ximo n\u00edvel\" \/>\n<meta property=\"article:modified_time\" content=\"2026-04-27T18:27:38+00:00\" \/>\n<meta property=\"og:image\" content=\"https:\/\/transk.net\/wp-content\/uploads\/2026\/04\/contatos_transk-scaled.png\" \/>\n<meta name=\"twitter:card\" content=\"summary_large_image\" \/>\n<meta name=\"twitter:label1\" content=\"Est. reading time\" \/>\n\t<meta name=\"twitter:data1\" content=\"1 minute\" \/>\n<script type=\"application\/ld+json\" class=\"yoast-schema-graph\">{\"@context\":\"https:\\\/\\\/schema.org\",\"@graph\":[{\"@type\":\"WebPage\",\"@id\":\"https:\\\/\\\/transk.net\\\/contatos\\\/\",\"url\":\"https:\\\/\\\/transk.net\\\/contatos\\\/\",\"name\":\"Contatos: Entre em Contato e Evolua Seu Neg\u00f3cio\",\"isPartOf\":{\"@id\":\"https:\\\/\\\/transk.net\\\/#website\"},\"primaryImageOfPage\":{\"@id\":\"https:\\\/\\\/transk.net\\\/contatos\\\/#primaryimage\"},\"image\":{\"@id\":\"https:\\\/\\\/transk.net\\\/contatos\\\/#primaryimage\"},\"thumbnailUrl\":\"https:\\\/\\\/transk.net\\\/wp-content\\\/uploads\\\/2026\\\/04\\\/contatos_transk-scaled.png\",\"datePublished\":\"2026-03-31T01:42:45+00:00\",\"dateModified\":\"2026-04-27T18:27:38+00:00\",\"description\":\"Fa\u00e7a contato e transforme seu neg\u00f3cio com a Transk. Juntos, vamos otimizar seus processos para melhores resultados.\",\"breadcrumb\":{\"@id\":\"https:\\\/\\\/transk.net\\\/contatos\\\/#breadcrumb\"},\"inLanguage\":\"en-GB\",\"potentialAction\":[{\"@type\":\"ReadAction\",\"target\":[\"https:\\\/\\\/transk.net\\\/contatos\\\/\"]}]},{\"@type\":\"ImageObject\",\"inLanguage\":\"en-GB\",\"@id\":\"https:\\\/\\\/transk.net\\\/contatos\\\/#primaryimage\",\"url\":\"https:\\\/\\\/transk.net\\\/wp-content\\\/uploads\\\/2026\\\/04\\\/contatos_transk-scaled.png\",\"contentUrl\":\"https:\\\/\\\/transk.net\\\/wp-content\\\/uploads\\\/2026\\\/04\\\/contatos_transk-scaled.png\"},{\"@type\":\"BreadcrumbList\",\"@id\":\"https:\\\/\\\/transk.net\\\/contatos\\\/#breadcrumb\",\"itemListElement\":[{\"@type\":\"ListItem\",\"position\":1,\"name\":\"In\u00edcio\",\"item\":\"https:\\\/\\\/transk.net\\\/\"},{\"@type\":\"ListItem\",\"position\":2,\"name\":\"Contatos\"}]},{\"@type\":\"WebSite\",\"@id\":\"https:\\\/\\\/transk.net\\\/#website\",\"url\":\"https:\\\/\\\/transk.net\\\/\",\"name\":\"Transk Solu\u00e7\u00f5es Estrat\u00e9gicas\",\"description\":\"A Transk \u00e9 uma empresa especializada em solu\u00e7\u00f5es estrat\u00e9gicas em gest\u00e3o, conhecimento e governan\u00e7a corporativa, ajudando organiza\u00e7\u00f5es a evolu\u00edrem com foco em resultados, inova\u00e7\u00e3o e desenvolvimento cont\u00ednuo.\",\"publisher\":{\"@id\":\"https:\\\/\\\/transk.net\\\/#organization\"},\"alternateName\":\"Transk Solu\u00e7\u00f5es Estrat\u00e9gicas\",\"potentialAction\":[{\"@type\":\"SearchAction\",\"target\":{\"@type\":\"EntryPoint\",\"urlTemplate\":\"https:\\\/\\\/transk.net\\\/?s={search_term_string}\"},\"query-input\":{\"@type\":\"PropertyValueSpecification\",\"valueRequired\":true,\"valueName\":\"search_term_string\"}}],\"inLanguage\":\"en-GB\"},{\"@type\":\"Organization\",\"@id\":\"https:\\\/\\\/transk.net\\\/#organization\",\"name\":\"Transk Solu\u00e7\u00f5es Estrat\u00e9gicas\",\"alternateName\":\"Transk Solu\u00e7\u00f5es Estrat\u00e9gicas\",\"url\":\"https:\\\/\\\/transk.net\\\/\",\"logo\":{\"@type\":\"ImageObject\",\"inLanguage\":\"en-GB\",\"@id\":\"https:\\\/\\\/transk.net\\\/#\\\/schema\\\/logo\\\/image\\\/\",\"url\":\"https:\\\/\\\/transk.net\\\/wp-content\\\/uploads\\\/2026\\\/03\\\/cropped-logo.png\",\"contentUrl\":\"https:\\\/\\\/transk.net\\\/wp-content\\\/uploads\\\/2026\\\/03\\\/cropped-logo.png\",\"width\":512,\"height\":512,\"caption\":\"Transk Solu\u00e7\u00f5es Estrat\u00e9gicas\"},\"image\":{\"@id\":\"https:\\\/\\\/transk.net\\\/#\\\/schema\\\/logo\\\/image\\\/\"}}]}<\/script>\n<!-- \/ Yoast SEO plugin. -->","yoast_head_json":{"title":"Contatos: Entre em Contato e Evolua Seu Neg\u00f3cio","description":"Fa\u00e7a contato e transforme seu neg\u00f3cio com a Transk. Juntos, vamos otimizar seus processos para melhores resultados.","robots":{"index":"index","follow":"follow","max-snippet":"max-snippet:-1","max-image-preview":"max-image-preview:large","max-video-preview":"max-video-preview:-1"},"canonical":"https:\/\/transk.net\/en\/contatos\/","og_locale":"en_GB","og_type":"article","og_title":"Contatos: Entre em Contato e Evolua Seu Neg\u00f3cio","og_description":"Fa\u00e7a contato e transforme seu neg\u00f3cio com a Transk. Juntos, vamos otimizar seus processos para melhores resultados.","og_url":"https:\/\/transk.net\/en\/contatos\/","og_site_name":"Elevamos sua gest\u00e3o ao pr\u00f3ximo n\u00edvel","article_modified_time":"2026-04-27T18:27:38+00:00","og_image":[{"url":"https:\/\/transk.net\/wp-content\/uploads\/2026\/04\/contatos_transk-scaled.png","type":"","width":"","height":""}],"twitter_card":"summary_large_image","twitter_misc":{"Est. reading time":"1 minute"},"schema":{"@context":"https:\/\/schema.org","@graph":[{"@type":"WebPage","@id":"https:\/\/transk.net\/contatos\/","url":"https:\/\/transk.net\/contatos\/","name":"Contatos: Entre em Contato e Evolua Seu Neg\u00f3cio","isPartOf":{"@id":"https:\/\/transk.net\/#website"},"primaryImageOfPage":{"@id":"https:\/\/transk.net\/contatos\/#primaryimage"},"image":{"@id":"https:\/\/transk.net\/contatos\/#primaryimage"},"thumbnailUrl":"https:\/\/transk.net\/wp-content\/uploads\/2026\/04\/contatos_transk-scaled.png","datePublished":"2026-03-31T01:42:45+00:00","dateModified":"2026-04-27T18:27:38+00:00","description":"Fa\u00e7a contato e transforme seu neg\u00f3cio com a Transk. Juntos, vamos otimizar seus processos para melhores resultados.","breadcrumb":{"@id":"https:\/\/transk.net\/contatos\/#breadcrumb"},"inLanguage":"en-GB","potentialAction":[{"@type":"ReadAction","target":["https:\/\/transk.net\/contatos\/"]}]},{"@type":"ImageObject","inLanguage":"en-GB","@id":"https:\/\/transk.net\/contatos\/#primaryimage","url":"https:\/\/transk.net\/wp-content\/uploads\/2026\/04\/contatos_transk-scaled.png","contentUrl":"https:\/\/transk.net\/wp-content\/uploads\/2026\/04\/contatos_transk-scaled.png"},{"@type":"BreadcrumbList","@id":"https:\/\/transk.net\/contatos\/#breadcrumb","itemListElement":[{"@type":"ListItem","position":1,"name":"In\u00edcio","item":"https:\/\/transk.net\/"},{"@type":"ListItem","position":2,"name":"Contatos"}]},{"@type":"WebSite","@id":"https:\/\/transk.net\/#website","url":"https:\/\/transk.net\/","name":"Transk Solu\u00e7\u00f5es Estrat\u00e9gicas","description":"A Transk \u00e9 uma empresa especializada em solu\u00e7\u00f5es estrat\u00e9gicas em gest\u00e3o, conhecimento e governan\u00e7a corporativa, ajudando organiza\u00e7\u00f5es a evolu\u00edrem com foco em resultados, inova\u00e7\u00e3o e desenvolvimento cont\u00ednuo.","publisher":{"@id":"https:\/\/transk.net\/#organization"},"alternateName":"Transk Solu\u00e7\u00f5es Estrat\u00e9gicas","potentialAction":[{"@type":"SearchAction","target":{"@type":"EntryPoint","urlTemplate":"https:\/\/transk.net\/?s={search_term_string}"},"query-input":{"@type":"PropertyValueSpecification","valueRequired":true,"valueName":"search_term_string"}}],"inLanguage":"en-GB"},{"@type":"Organization","@id":"https:\/\/transk.net\/#organization","name":"Transk Solu\u00e7\u00f5es Estrat\u00e9gicas","alternateName":"Transk Solu\u00e7\u00f5es Estrat\u00e9gicas","url":"https:\/\/transk.net\/","logo":{"@type":"ImageObject","inLanguage":"en-GB","@id":"https:\/\/transk.net\/#\/schema\/logo\/image\/","url":"https:\/\/transk.net\/wp-content\/uploads\/2026\/03\/cropped-logo.png","contentUrl":"https:\/\/transk.net\/wp-content\/uploads\/2026\/03\/cropped-logo.png","width":512,"height":512,"caption":"Transk Solu\u00e7\u00f5es Estrat\u00e9gicas"},"image":{"@id":"https:\/\/transk.net\/#\/schema\/logo\/image\/"}}]}},"_hostinger_reach_plugin_has_subscription_block":false,"_hostinger_reach_plugin_is_elementor":false,"_links":{"self":[{"href":"https:\/\/transk.net\/en\/wp-json\/wp\/v2\/pages\/25","targetHints":{"allow":["GET"]}}],"collection":[{"href":"https:\/\/transk.net\/en\/wp-json\/wp\/v2\/pages"}],"about":[{"href":"https:\/\/transk.net\/en\/wp-json\/wp\/v2\/types\/page"}],"author":[{"embeddable":true,"href":"https:\/\/transk.net\/en\/wp-json\/wp\/v2\/users\/1"}],"replies":[{"embeddable":true,"href":"https:\/\/transk.net\/en\/wp-json\/wp\/v2\/comments?post=25"}],"version-history":[{"count":39,"href":"https:\/\/transk.net\/en\/wp-json\/wp\/v2\/pages\/25\/revisions"}],"predecessor-version":[{"id":1912,"href":"https:\/\/transk.net\/en\/wp-json\/wp\/v2\/pages\/25\/revisions\/1912"}],"wp:attachment":[{"href":"https:\/\/transk.net\/en\/wp-json\/wp\/v2\/media?parent=25"}],"curies":[{"name":"wp","href":"https:\/\/api.w.org\/{rel}","templated":true}]}}