{"id":23,"date":"2026-03-31T01:42:26","date_gmt":"2026-03-31T01:42:26","guid":{"rendered":"https:\/\/transk.net\/?page_id=23"},"modified":"2026-04-27T18:28:39","modified_gmt":"2026-04-27T18:28:39","slug":"insights","status":"publish","type":"page","link":"https:\/\/transk.net\/en\/insights\/","title":{"rendered":"Insights"},"content":{"rendered":"<div data-elementor-type=\"wp-page\" data-elementor-id=\"23\" class=\"elementor elementor-23\" data-elementor-settings=\"{&quot;ha_cmc_init_switcher&quot;:&quot;no&quot;}\">\n\t\t\t\t<div class=\"elementor-element elementor-element-22aaaae5 e-flex e-con-boxed e-con e-parent\" data-id=\"22aaaae5\" data-element_type=\"container\" data-e-type=\"container\" data-settings=\"{&quot;background_background&quot;:&quot;classic&quot;,&quot;_ha_eqh_enable&quot;:false}\">\n\t\t\t\t\t<div class=\"e-con-inner\">\n\t\t<div class=\"elementor-element elementor-element-93efe7 e-con-full e-flex e-con e-child\" data-id=\"93efe7\" data-element_type=\"container\" data-e-type=\"container\" data-settings=\"{&quot;_ha_eqh_enable&quot;:false}\">\n\t\t\t\t<div class=\"elementor-element elementor-element-f5110d4 elementor-widget elementor-widget-heading\" data-id=\"f5110d4\" data-element_type=\"widget\" data-e-type=\"widget\" data-widget_type=\"heading.default\">\n\t\t\t\t\t<h2 class=\"elementor-heading-title elementor-size-default\">Strategic content for leaders and companies<\/h2>\t\t\t\t<\/div>\n\t\t\t\t<div class=\"elementor-element elementor-element-70ef632e elementor-widget elementor-widget-text-editor\" data-id=\"70ef632e\" data-element_type=\"widget\" data-e-type=\"widget\" data-widget_type=\"text-editor.default\">\n\t\t\t\t\t\t\t\t\t<p data-start=\"473\" data-end=\"567\">Articles and analyses on management, governance, and organizational development.<\/p>\t\t\t\t\t\t\t\t<\/div>\n\t\t\t\t<\/div>\n\t\t<div class=\"elementor-element elementor-element-5070817f e-flex e-con-boxed e-con e-child\" data-id=\"5070817f\" data-element_type=\"container\" data-e-type=\"container\" data-settings=\"{&quot;_ha_eqh_enable&quot;:false}\">\n\t\t\t\t\t<div class=\"e-con-inner\">\n\t\t\t\t\t\t\t\n\t\t\t<img class=\"e-image-base\" \n\t\t\t\t\tdata-interaction-id=\"69fc029f\" \n\t\t \n\t\t \n\t\t\t\t\t\t\t\t\tid=\"1153\"\n\t\t\t\t\t\t\t\t\t\t\t\tsrc=\"https:\/\/transk.net\/wp-content\/uploads\/2026\/04\/solucoe_transk.png\"\n\t\t\t\t\t\t\t\t\t\t\t\twidth=\"582\"\n\t\t\t\t\t\t\t\t\t\t\t\theight=\"428\"\n\t\t\t\t\t\t\t\t\t\t\t\tsrcset=\"https:\/\/transk.net\/wp-content\/uploads\/2026\/04\/solucoe_transk.png 582w, https:\/\/transk.net\/wp-content\/uploads\/2026\/04\/solucoe_transk-300x221.png 300w\"\n\t\t\t\t\t\t\t\t\t\t\t\talt=\"\"\n\t\t\t\t\t\t\/>\n\t\t\t\t\t\t<\/div>\n\t\t\t\t<\/div>\n\t\t\t\t\t<\/div>\n\t\t\t\t<\/div>\n\t\t<div class=\"elementor-element elementor-element-752a7ae e-flex e-con-boxed e-con e-parent\" data-id=\"752a7ae\" data-element_type=\"container\" data-e-type=\"container\" data-settings=\"{&quot;_ha_eqh_enable&quot;:false}\">\n\t\t\t\t\t<div class=\"e-con-inner\">\n\t\t\t\t\t\t\t\n\t\t\t<img class=\"e-image-base e-b3242cb-e153f42\" \n\t\t\t\t\tdata-interaction-id=\"b3242cb\" \n\t\t \n\t\t \n\t\t\t\t\t\t\t\t\tid=\"1340\"\n\t\t\t\t\t\t\t\t\t\t\t\tsrc=\"https:\/\/transk.net\/wp-content\/uploads\/2026\/04\/insight_transk.png\"\n\t\t\t\t\t\t\t\t\t\t\t\twidth=\"677\"\n\t\t\t\t\t\t\t\t\t\t\t\theight=\"578\"\n\t\t\t\t\t\t\t\t\t\t\t\tsrcset=\"https:\/\/transk.net\/wp-content\/uploads\/2026\/04\/insight_transk.png 677w, https:\/\/transk.net\/wp-content\/uploads\/2026\/04\/insight_transk-300x256.png 300w\"\n\t\t\t\t\t\t\t\t\t\t\t\talt=\"\"\n\t\t\t\t\t\t\/>\n\t\t\t\t\t\t<\/div>\n\t\t\t\t<\/div>\n\t\t\t\t<\/div>","protected":false},"excerpt":{"rendered":"<p>Conte\u00fado estrat\u00e9gico para l\u00edderes e empresas Artigos e an\u00e1lises sobre gest\u00e3o, governan\u00e7a e desenvolvimento organizacional.<\/p>","protected":false},"author":1,"featured_media":0,"parent":0,"menu_order":0,"comment_status":"closed","ping_status":"closed","template":"","meta":{"footnotes":""},"class_list":["post-23","page","type-page","status-publish","hentry"],"yoast_head":"<!-- This site is optimized with the Yoast SEO plugin v27.5 - https:\/\/yoast.com\/product\/yoast-seo-wordpress\/ -->\n<title>Insights - Elevamos sua gest\u00e3o ao pr\u00f3ximo n\u00edvel<\/title>\n<meta name=\"robots\" content=\"index, follow, max-snippet:-1, max-image-preview:large, max-video-preview:-1\" \/>\n<link rel=\"canonical\" href=\"https:\/\/transk.net\/en\/insights\/\" \/>\n<meta property=\"og:locale\" content=\"en_GB\" \/>\n<meta property=\"og:type\" content=\"article\" \/>\n<meta property=\"og:title\" content=\"Insights - Elevamos sua gest\u00e3o ao pr\u00f3ximo n\u00edvel\" \/>\n<meta property=\"og:description\" content=\"Conte\u00fado estrat\u00e9gico para l\u00edderes e empresas Artigos e an\u00e1lises sobre gest\u00e3o, governan\u00e7a e desenvolvimento organizacional.\" \/>\n<meta property=\"og:url\" content=\"https:\/\/transk.net\/en\/insights\/\" \/>\n<meta property=\"og:site_name\" content=\"Elevamos sua gest\u00e3o ao pr\u00f3ximo n\u00edvel\" \/>\n<meta property=\"article:modified_time\" content=\"2026-04-27T18:28:39+00:00\" \/>\n<meta property=\"og:image\" content=\"https:\/\/transk.net\/wp-content\/uploads\/2026\/04\/solucoe_transk.png\" \/>\n<meta name=\"twitter:card\" content=\"summary_large_image\" \/>\n<meta name=\"twitter:label1\" content=\"Est. reading time\" \/>\n\t<meta name=\"twitter:data1\" content=\"1 minute\" \/>\n<script type=\"application\/ld+json\" class=\"yoast-schema-graph\">{\"@context\":\"https:\\\/\\\/schema.org\",\"@graph\":[{\"@type\":\"WebPage\",\"@id\":\"https:\\\/\\\/transk.net\\\/insights\\\/\",\"url\":\"https:\\\/\\\/transk.net\\\/insights\\\/\",\"name\":\"Insights - Elevamos sua gest\u00e3o ao pr\u00f3ximo n\u00edvel\",\"isPartOf\":{\"@id\":\"https:\\\/\\\/transk.net\\\/#website\"},\"primaryImageOfPage\":{\"@id\":\"https:\\\/\\\/transk.net\\\/insights\\\/#primaryimage\"},\"image\":{\"@id\":\"https:\\\/\\\/transk.net\\\/insights\\\/#primaryimage\"},\"thumbnailUrl\":\"https:\\\/\\\/transk.net\\\/wp-content\\\/uploads\\\/2026\\\/04\\\/solucoe_transk.png\",\"datePublished\":\"2026-03-31T01:42:26+00:00\",\"dateModified\":\"2026-04-27T18:28:39+00:00\",\"breadcrumb\":{\"@id\":\"https:\\\/\\\/transk.net\\\/insights\\\/#breadcrumb\"},\"inLanguage\":\"en-GB\",\"potentialAction\":[{\"@type\":\"ReadAction\",\"target\":[\"https:\\\/\\\/transk.net\\\/insights\\\/\"]}]},{\"@type\":\"ImageObject\",\"inLanguage\":\"en-GB\",\"@id\":\"https:\\\/\\\/transk.net\\\/insights\\\/#primaryimage\",\"url\":\"https:\\\/\\\/transk.net\\\/wp-content\\\/uploads\\\/2026\\\/04\\\/solucoe_transk.png\",\"contentUrl\":\"https:\\\/\\\/transk.net\\\/wp-content\\\/uploads\\\/2026\\\/04\\\/solucoe_transk.png\"},{\"@type\":\"BreadcrumbList\",\"@id\":\"https:\\\/\\\/transk.net\\\/insights\\\/#breadcrumb\",\"itemListElement\":[{\"@type\":\"ListItem\",\"position\":1,\"name\":\"In\u00edcio\",\"item\":\"https:\\\/\\\/transk.net\\\/\"},{\"@type\":\"ListItem\",\"position\":2,\"name\":\"Insights\"}]},{\"@type\":\"WebSite\",\"@id\":\"https:\\\/\\\/transk.net\\\/#website\",\"url\":\"https:\\\/\\\/transk.net\\\/\",\"name\":\"Transk Solu\u00e7\u00f5es Estrat\u00e9gicas\",\"description\":\"A Transk \u00e9 uma empresa especializada em solu\u00e7\u00f5es estrat\u00e9gicas em gest\u00e3o, conhecimento e governan\u00e7a corporativa, ajudando organiza\u00e7\u00f5es a evolu\u00edrem com foco em resultados, inova\u00e7\u00e3o e desenvolvimento cont\u00ednuo.\",\"publisher\":{\"@id\":\"https:\\\/\\\/transk.net\\\/#organization\"},\"alternateName\":\"Transk Solu\u00e7\u00f5es Estrat\u00e9gicas\",\"potentialAction\":[{\"@type\":\"SearchAction\",\"target\":{\"@type\":\"EntryPoint\",\"urlTemplate\":\"https:\\\/\\\/transk.net\\\/?s={search_term_string}\"},\"query-input\":{\"@type\":\"PropertyValueSpecification\",\"valueRequired\":true,\"valueName\":\"search_term_string\"}}],\"inLanguage\":\"en-GB\"},{\"@type\":\"Organization\",\"@id\":\"https:\\\/\\\/transk.net\\\/#organization\",\"name\":\"Transk Solu\u00e7\u00f5es Estrat\u00e9gicas\",\"alternateName\":\"Transk Solu\u00e7\u00f5es Estrat\u00e9gicas\",\"url\":\"https:\\\/\\\/transk.net\\\/\",\"logo\":{\"@type\":\"ImageObject\",\"inLanguage\":\"en-GB\",\"@id\":\"https:\\\/\\\/transk.net\\\/#\\\/schema\\\/logo\\\/image\\\/\",\"url\":\"https:\\\/\\\/transk.net\\\/wp-content\\\/uploads\\\/2026\\\/03\\\/cropped-logo.png\",\"contentUrl\":\"https:\\\/\\\/transk.net\\\/wp-content\\\/uploads\\\/2026\\\/03\\\/cropped-logo.png\",\"width\":512,\"height\":512,\"caption\":\"Transk Solu\u00e7\u00f5es Estrat\u00e9gicas\"},\"image\":{\"@id\":\"https:\\\/\\\/transk.net\\\/#\\\/schema\\\/logo\\\/image\\\/\"}}]}<\/script>\n<!-- \/ Yoast SEO plugin. -->","yoast_head_json":{"title":"Insights - Elevamos sua gest\u00e3o ao pr\u00f3ximo n\u00edvel","robots":{"index":"index","follow":"follow","max-snippet":"max-snippet:-1","max-image-preview":"max-image-preview:large","max-video-preview":"max-video-preview:-1"},"canonical":"https:\/\/transk.net\/en\/insights\/","og_locale":"en_GB","og_type":"article","og_title":"Insights - Elevamos sua gest\u00e3o ao pr\u00f3ximo n\u00edvel","og_description":"Conte\u00fado estrat\u00e9gico para l\u00edderes e empresas Artigos e an\u00e1lises sobre gest\u00e3o, governan\u00e7a e desenvolvimento organizacional.","og_url":"https:\/\/transk.net\/en\/insights\/","og_site_name":"Elevamos sua gest\u00e3o ao pr\u00f3ximo n\u00edvel","article_modified_time":"2026-04-27T18:28:39+00:00","og_image":[{"url":"https:\/\/transk.net\/wp-content\/uploads\/2026\/04\/solucoe_transk.png","type":"","width":"","height":""}],"twitter_card":"summary_large_image","twitter_misc":{"Est. reading time":"1 minute"},"schema":{"@context":"https:\/\/schema.org","@graph":[{"@type":"WebPage","@id":"https:\/\/transk.net\/insights\/","url":"https:\/\/transk.net\/insights\/","name":"Insights - Elevamos sua gest\u00e3o ao pr\u00f3ximo n\u00edvel","isPartOf":{"@id":"https:\/\/transk.net\/#website"},"primaryImageOfPage":{"@id":"https:\/\/transk.net\/insights\/#primaryimage"},"image":{"@id":"https:\/\/transk.net\/insights\/#primaryimage"},"thumbnailUrl":"https:\/\/transk.net\/wp-content\/uploads\/2026\/04\/solucoe_transk.png","datePublished":"2026-03-31T01:42:26+00:00","dateModified":"2026-04-27T18:28:39+00:00","breadcrumb":{"@id":"https:\/\/transk.net\/insights\/#breadcrumb"},"inLanguage":"en-GB","potentialAction":[{"@type":"ReadAction","target":["https:\/\/transk.net\/insights\/"]}]},{"@type":"ImageObject","inLanguage":"en-GB","@id":"https:\/\/transk.net\/insights\/#primaryimage","url":"https:\/\/transk.net\/wp-content\/uploads\/2026\/04\/solucoe_transk.png","contentUrl":"https:\/\/transk.net\/wp-content\/uploads\/2026\/04\/solucoe_transk.png"},{"@type":"BreadcrumbList","@id":"https:\/\/transk.net\/insights\/#breadcrumb","itemListElement":[{"@type":"ListItem","position":1,"name":"In\u00edcio","item":"https:\/\/transk.net\/"},{"@type":"ListItem","position":2,"name":"Insights"}]},{"@type":"WebSite","@id":"https:\/\/transk.net\/#website","url":"https:\/\/transk.net\/","name":"Transk Solu\u00e7\u00f5es Estrat\u00e9gicas","description":"A Transk \u00e9 uma empresa especializada em solu\u00e7\u00f5es estrat\u00e9gicas em gest\u00e3o, conhecimento e governan\u00e7a corporativa, ajudando organiza\u00e7\u00f5es a evolu\u00edrem com foco em resultados, inova\u00e7\u00e3o e desenvolvimento cont\u00ednuo.","publisher":{"@id":"https:\/\/transk.net\/#organization"},"alternateName":"Transk Solu\u00e7\u00f5es Estrat\u00e9gicas","potentialAction":[{"@type":"SearchAction","target":{"@type":"EntryPoint","urlTemplate":"https:\/\/transk.net\/?s={search_term_string}"},"query-input":{"@type":"PropertyValueSpecification","valueRequired":true,"valueName":"search_term_string"}}],"inLanguage":"en-GB"},{"@type":"Organization","@id":"https:\/\/transk.net\/#organization","name":"Transk Solu\u00e7\u00f5es Estrat\u00e9gicas","alternateName":"Transk Solu\u00e7\u00f5es Estrat\u00e9gicas","url":"https:\/\/transk.net\/","logo":{"@type":"ImageObject","inLanguage":"en-GB","@id":"https:\/\/transk.net\/#\/schema\/logo\/image\/","url":"https:\/\/transk.net\/wp-content\/uploads\/2026\/03\/cropped-logo.png","contentUrl":"https:\/\/transk.net\/wp-content\/uploads\/2026\/03\/cropped-logo.png","width":512,"height":512,"caption":"Transk Solu\u00e7\u00f5es Estrat\u00e9gicas"},"image":{"@id":"https:\/\/transk.net\/#\/schema\/logo\/image\/"}}]}},"_hostinger_reach_plugin_has_subscription_block":false,"_hostinger_reach_plugin_is_elementor":false,"_links":{"self":[{"href":"https:\/\/transk.net\/en\/wp-json\/wp\/v2\/pages\/23","targetHints":{"allow":["GET"]}}],"collection":[{"href":"https:\/\/transk.net\/en\/wp-json\/wp\/v2\/pages"}],"about":[{"href":"https:\/\/transk.net\/en\/wp-json\/wp\/v2\/types\/page"}],"author":[{"embeddable":true,"href":"https:\/\/transk.net\/en\/wp-json\/wp\/v2\/users\/1"}],"replies":[{"embeddable":true,"href":"https:\/\/transk.net\/en\/wp-json\/wp\/v2\/comments?post=23"}],"version-history":[{"count":9,"href":"https:\/\/transk.net\/en\/wp-json\/wp\/v2\/pages\/23\/revisions"}],"predecessor-version":[{"id":1917,"href":"https:\/\/transk.net\/en\/wp-json\/wp\/v2\/pages\/23\/revisions\/1917"}],"wp:attachment":[{"href":"https:\/\/transk.net\/en\/wp-json\/wp\/v2\/media?parent=23"}],"curies":[{"name":"wp","href":"https:\/\/api.w.org\/{rel}","templated":true}]}}