{"id":14,"date":"2026-03-31T01:39:37","date_gmt":"2026-03-31T01:39:37","guid":{"rendered":"https:\/\/transk.net\/?page_id=14"},"modified":"2026-04-29T12:14:59","modified_gmt":"2026-04-29T12:14:59","slug":"quem-somos","status":"publish","type":"page","link":"https:\/\/transk.net\/en\/quem-somos\/","title":{"rendered":"About"},"content":{"rendered":"<div data-elementor-type=\"wp-page\" data-elementor-id=\"14\" class=\"elementor elementor-14\" data-elementor-settings=\"{&quot;ha_cmc_init_switcher&quot;:&quot;no&quot;}\">\n\t\t\t\t<div class=\"elementor-element elementor-element-3920f91e e-flex e-con-boxed e-con e-parent\" data-id=\"3920f91e\" data-element_type=\"container\" data-e-type=\"container\" data-settings=\"{&quot;background_background&quot;:&quot;classic&quot;,&quot;_ha_eqh_enable&quot;:false}\">\n\t\t\t\t\t<div class=\"e-con-inner\">\n\t\t<div class=\"elementor-element elementor-element-122c50ef e-con-full e-flex e-con e-child\" data-id=\"122c50ef\" data-element_type=\"container\" data-e-type=\"container\" data-settings=\"{&quot;_ha_eqh_enable&quot;:false}\">\n\t\t\t\t<div class=\"elementor-element elementor-element-27b49dd6 elementor-widget elementor-widget-heading\" data-id=\"27b49dd6\" data-element_type=\"widget\" data-e-type=\"widget\" data-widget_type=\"heading.default\">\n\t\t\t\t\t<h2 class=\"elementor-heading-title elementor-size-default\">Transforming management into value.<\/h2>\t\t\t\t<\/div>\n\t\t\t\t<div class=\"elementor-element elementor-element-5d36f5b6 elementor-widget elementor-widget-text-editor\" data-id=\"5d36f5b6\" data-element_type=\"widget\" data-e-type=\"widget\" data-widget_type=\"text-editor.default\">\n\t\t\t\t\t\t\t\t\t<p>In the business context, immersed in an increasingly competitive and globalized world, it is essential that companies understand that managing change with rapid responses that respect complexity, corporate dynamics, and, above all, people, is a crucial management strategy.<\/p>\t\t\t\t\t\t\t\t<\/div>\n\t\t\t\t<\/div>\n\t\t<div class=\"elementor-element elementor-element-2dd8a123 e-con-full e-flex e-con e-child\" data-id=\"2dd8a123\" data-element_type=\"container\" data-e-type=\"container\" data-settings=\"{&quot;_ha_eqh_enable&quot;:false}\">\n\t\t\t\t\t\t\t\n\t\t\t<img class=\"e-image-base e-e5e672a-d8f3616\" \n\t\t\t\t\tdata-interaction-id=\"e5e672a\" \n\t\t \n\t\t \n\t\t\t\t\t\t\t\t\tid=\"372\"\n\t\t\t\t\t\t\t\t\t\t\t\tsrc=\"https:\/\/transk.net\/wp-content\/uploads\/2026\/04\/icon_solucoes.png\"\n\t\t\t\t\t\t\t\t\t\t\t\twidth=\"232\"\n\t\t\t\t\t\t\t\t\t\t\t\theight=\"193\"\n\t\t\t\t\t\t\t\t\t\t\t\tsrcset=\"\"\n\t\t\t\t\t\t\t\t\t\t\t\talt=\"\"\n\t\t\t\t\t\t\/>\n\t\t\t\t\t<\/div>\n\t\t\t\t\t<\/div>\n\t\t\t\t<\/div>\n\t\t<div class=\"elementor-element elementor-element-72b3e05 e-flex e-con-boxed e-con e-parent\" data-id=\"72b3e05\" data-element_type=\"container\" data-e-type=\"container\" data-settings=\"{&quot;_ha_eqh_enable&quot;:false}\">\n\t\t\t\t\t<div class=\"e-con-inner\">\n\t\t<div class=\"elementor-element elementor-element-687ddb8 e-con-full e-flex e-con e-child\" data-id=\"687ddb8\" data-element_type=\"container\" data-e-type=\"container\" data-settings=\"{&quot;_ha_eqh_enable&quot;:false}\">\n\t\t\t\t\t\t\t\n\t\t\t<img class=\"e-image-base\" \n\t\t\t\t\tdata-interaction-id=\"c17d6da\" \n\t\t \n\t\t \n\t\t\t\t\t\t\t\t\tid=\"1160\"\n\t\t\t\t\t\t\t\t\t\t\t\tsrc=\"https:\/\/transk.net\/wp-content\/uploads\/2026\/04\/sobre_transk2-768x817.png\"\n\t\t\t\t\t\t\t\t\t\t\t\twidth=\"768\"\n\t\t\t\t\t\t\t\t\t\t\t\theight=\"817\"\n\t\t\t\t\t\t\t\t\t\t\t\tsrcset=\"https:\/\/transk.net\/wp-content\/uploads\/2026\/04\/sobre_transk2-768x817.png 768w, https:\/\/transk.net\/wp-content\/uploads\/2026\/04\/sobre_transk2-282x300.png 282w, https:\/\/transk.net\/wp-content\/uploads\/2026\/04\/sobre_transk2.png 854w\"\n\t\t\t\t\t\t\t\t\t\t\t\talt=\"\"\n\t\t\t\t\t\t\/>\n\t\t\t\t\t<\/div>\n\t\t<div class=\"elementor-element elementor-element-ca07423 e-con-full e-flex e-con e-child\" data-id=\"ca07423\" data-element_type=\"container\" data-e-type=\"container\" data-settings=\"{&quot;_ha_eqh_enable&quot;:false}\">\n\t\t\t\t<div class=\"elementor-element elementor-element-a151ee9 elementor-widget elementor-widget-heading\" data-id=\"a151ee9\" data-element_type=\"widget\" data-e-type=\"widget\" data-widget_type=\"heading.default\">\n\t\t\t\t\t<h2 class=\"elementor-heading-title elementor-size-default\">Transk<\/h2>\t\t\t\t<\/div>\n\t\t\t\t\t\t\t\t<p class=\"e-c67ffe2-b661fcb e-paragraph-base\" data-interaction-id=\"c67ffe2\"  >\n\t\t\t\t\t\t\t\tTransk, founded in 1997, is a consulting firm whose mission is to build, together with its clients, a strategy of excellence that allows for the continuous growth of their business, placing it in a competitive market position, through leadership conscious of its role in awakening creative potential and developing human talent for a new socio-cultural and economic cycle in the globalized world.<br><br>Transk's service delivery is unique, with fully customized solutions, dual instruction, special guests, personalized materials, environmental design, active learning methodologies, and detailed reports on the actions taken. We don't believe in magic solutions. We work according to the realities of our clients. <strong id=\"e-mobps35w-e9vmyqq\">with coherent alternatives<\/strong> depending on its size and area of \u200b\u200bbusiness.\n\t\t\t\t\t<\/p>\n\t\t\t\t<\/div>\n\t\t\t\t\t<\/div>\n\t\t\t\t<\/div>\n\t\t<div class=\"elementor-element elementor-element-86bb367 e-flex e-con-boxed e-con e-parent\" data-id=\"86bb367\" data-element_type=\"container\" data-e-type=\"container\" data-settings=\"{&quot;background_background&quot;:&quot;classic&quot;,&quot;_ha_eqh_enable&quot;:false}\">\n\t\t\t\t\t<div class=\"e-con-inner\">\n\t\t<div class=\"elementor-element elementor-element-86c7f30 e-con-full e-flex e-con e-child\" data-id=\"86c7f30\" data-element_type=\"container\" data-e-type=\"container\" data-settings=\"{&quot;_ha_eqh_enable&quot;:false}\">\n\t\t\t\t\t\t\t<h2 \n\t\tdata-interaction-id=\"319b295\" \n\t\tclass=\"e-319b295-7d08970 e-heading-base\" \n\t\t \n\t\t\n\t>\n\t\n\t\t\tMission\n\t\t<\/h2>\n\t\t\t\t<div class=\"elementor-element elementor-element-d22ab90 elementor-widget elementor-widget-text-editor\" data-id=\"d22ab90\" data-element_type=\"widget\" data-e-type=\"widget\" data-widget_type=\"text-editor.default\">\n\t\t\t\t\t\t\t\t\t<p><em>Strategy, leadership, and human talent \u2013 \u200b\u200baligned for competitive growth.<\/em><\/p><p class=\"translation-block\">Our mission is to partner with our clients to build <strong>strategies of excellence<\/strong> that strengthen their competitive market position, empower <strong>leaders<\/strong> to act with clarity and responsibility, and unleash creative potential to develop <strong>high-performing<\/strong> human talents in today's globalized sociocultural and economic environment.<\/p>\t\t\t\t\t\t\t\t<\/div>\n\t\t\t\t<\/div>\n\t\t<div class=\"elementor-element elementor-element-c32e39c e-con-full e-flex e-con e-child\" data-id=\"c32e39c\" data-element_type=\"container\" data-e-type=\"container\" data-settings=\"{&quot;_ha_eqh_enable&quot;:false}\">\n\t\t\t\t<div class=\"elementor-element elementor-element-c2cdd1d elementor-widget elementor-widget-image\" data-id=\"c2cdd1d\" data-element_type=\"widget\" data-e-type=\"widget\" data-widget_type=\"image.default\">\n\t\t\t\t\t\t\t\t\t\t\t\t\t\t\t<img fetchpriority=\"high\" decoding=\"async\" width=\"768\" height=\"768\" src=\"https:\/\/transk.net\/wp-content\/uploads\/2026\/04\/Icone-3D-de-educacao-e-sucesso-768x768.png\" class=\"attachment-medium_large size-medium_large wp-image-902\" alt=\"\" srcset=\"https:\/\/transk.net\/wp-content\/uploads\/2026\/04\/Icone-3D-de-educacao-e-sucesso-768x768.png 768w, https:\/\/transk.net\/wp-content\/uploads\/2026\/04\/Icone-3D-de-educacao-e-sucesso-300x300.png 300w, https:\/\/transk.net\/wp-content\/uploads\/2026\/04\/Icone-3D-de-educacao-e-sucesso-150x150.png 150w, https:\/\/transk.net\/wp-content\/uploads\/2026\/04\/Icone-3D-de-educacao-e-sucesso.png 1024w\" sizes=\"(max-width: 768px) 100vw, 768px\" \/>\t\t\t\t\t\t\t\t\t\t\t\t\t\t\t<\/div>\n\t\t\t\t<\/div>\n\t\t\t\t\t<\/div>\n\t\t\t\t<\/div>\n\t\t<div class=\"elementor-element elementor-element-9b8a9a3 e-flex e-con-boxed e-con e-parent\" data-id=\"9b8a9a3\" data-element_type=\"container\" data-e-type=\"container\" data-settings=\"{&quot;_ha_eqh_enable&quot;:false}\">\n\t\t\t\t\t<div class=\"e-con-inner\">\n\t\t<div class=\"elementor-element elementor-element-45f2985 e-con-full e-flex e-con e-child\" data-id=\"45f2985\" data-element_type=\"container\" data-e-type=\"container\" data-settings=\"{&quot;_ha_eqh_enable&quot;:false}\">\n\t\t\t\t<div class=\"elementor-element elementor-element-4cd874b elementor-widget elementor-widget-image\" data-id=\"4cd874b\" data-element_type=\"widget\" data-e-type=\"widget\" data-widget_type=\"image.default\">\n\t\t\t\t\t\t\t\t\t\t\t\t\t\t\t<img decoding=\"async\" width=\"363\" height=\"267\" src=\"https:\/\/transk.net\/wp-content\/uploads\/2026\/04\/icon_transk_sobre.png\" class=\"attachment-large size-large wp-image-936\" alt=\"\" srcset=\"https:\/\/transk.net\/wp-content\/uploads\/2026\/04\/icon_transk_sobre.png 363w, https:\/\/transk.net\/wp-content\/uploads\/2026\/04\/icon_transk_sobre-300x221.png 300w\" sizes=\"(max-width: 363px) 100vw, 363px\" \/>\t\t\t\t\t\t\t\t\t\t\t\t\t\t\t<\/div>\n\t\t\t\t<\/div>\n\t\t<div class=\"elementor-element elementor-element-439d01d e-con-full e-flex e-con e-child\" data-id=\"439d01d\" data-element_type=\"container\" data-e-type=\"container\" data-settings=\"{&quot;_ha_eqh_enable&quot;:false}\">\n\t\t\t\t<div class=\"elementor-element elementor-element-5a99e18 elementor-widget elementor-widget-heading\" data-id=\"5a99e18\" data-element_type=\"widget\" data-e-type=\"widget\" data-widget_type=\"heading.default\">\n\t\t\t\t\t<h2 class=\"elementor-heading-title elementor-size-default\">Vision<\/h2>\t\t\t\t<\/div>\n\t\t\t\t<div class=\"elementor-element elementor-element-882d8f6 elementor-widget elementor-widget-text-editor\" data-id=\"882d8f6\" data-element_type=\"widget\" data-e-type=\"widget\" data-widget_type=\"text-editor.default\">\n\t\t\t\t\t\t\t\t\t<p><span style=\"color: #000000;\"><em>The Reference in Strategy and Transformation<\/em><\/span><\/p><p><span style=\"color: #000000;\">Our vision is to be a trusted national and international benchmark in strategy and transformation consulting, recognized for our knowledge-based expertise and for creating significant and sustainable value for our clients through excellence in our deliverables.<\/span><\/p>\t\t\t\t\t\t\t\t<\/div>\n\t\t\t\t<\/div>\n\t\t\t\t\t<\/div>\n\t\t\t\t<\/div>\n\t\t<div class=\"elementor-element elementor-element-50ee007 e-flex e-con-boxed e-con e-parent\" data-id=\"50ee007\" data-element_type=\"container\" data-e-type=\"container\" data-settings=\"{&quot;background_background&quot;:&quot;classic&quot;,&quot;_ha_eqh_enable&quot;:false}\">\n\t\t\t\t\t<div class=\"e-con-inner\">\n\t\t<div class=\"elementor-element elementor-element-01dc4d0 e-con-full e-flex e-con e-child\" data-id=\"01dc4d0\" data-element_type=\"container\" data-e-type=\"container\" data-settings=\"{&quot;_ha_eqh_enable&quot;:false}\">\n\t\t\t\t\t\t\t<h2 \n\t\tdata-interaction-id=\"6203346\" \n\t\tclass=\"e-6203346-6933a15 e-heading-base\" \n\t\t \n\t\t\n\t>\n\t\n\t\t\tValues\n\t\t<\/h2>\n\t\t\t\t<div class=\"elementor-element elementor-element-efe3f8c elementor-widget elementor-widget-text-editor\" data-id=\"efe3f8c\" data-element_type=\"widget\" data-e-type=\"widget\" data-widget_type=\"text-editor.default\">\n\t\t\t\t\t\t\t\t\t<p><em>Guided by Integrity. Driven by Excellence.<\/em><\/p><p>We are guided by diversity, integrity, and ethical responsibility; by a strong commitment to continuous growth; by deep respect for individuals within our organizations; and by the relentless pursuit of excellence in the services we deliver.<\/p>\t\t\t\t\t\t\t\t<\/div>\n\t\t\t\t<\/div>\n\t\t<div class=\"elementor-element elementor-element-d251c5c e-con-full e-flex e-con e-child\" data-id=\"d251c5c\" data-element_type=\"container\" data-e-type=\"container\" data-settings=\"{&quot;_ha_eqh_enable&quot;:false}\">\n\t\t\t\t\t\t\t\n\t\t\t<img class=\"e-image-base e-cb82f6c-e9cc3ae\" \n\t\t\t\t\tdata-interaction-id=\"cb82f6c\" \n\t\t \n\t\t \n\t\t\t\t\t\t\t\t\tid=\"388\"\n\t\t\t\t\t\t\t\t\t\t\t\tsrc=\"https:\/\/transk.net\/wp-content\/uploads\/2026\/04\/icon_solucoes2.png\"\n\t\t\t\t\t\t\t\t\t\t\t\twidth=\"222\"\n\t\t\t\t\t\t\t\t\t\t\t\theight=\"197\"\n\t\t\t\t\t\t\t\t\t\t\t\tsrcset=\"\"\n\t\t\t\t\t\t\t\t\t\t\t\talt=\"\"\n\t\t\t\t\t\t\/>\n\t\t\t\t\t<\/div>\n\t\t\t\t\t<\/div>\n\t\t\t\t<\/div>\n\t\t\t\t<\/div>","protected":false},"excerpt":{"rendered":"<p>Transformando gest\u00e3o em valor No contexto empresarial, imerso em um mundo cada vez mais competitivo e globalizado, \u00e9 preciso que as empresas entendam que administrar mudan\u00e7as com respostas r\u00e1pidas que respeitem a complexidade, a din\u00e2mica corporativa e, principalmente, as pessoas, \u00e9 uma estrat\u00e9gia important\u00edssima de gest\u00e3o. Transk A Transk, fundada em 1997, \u00e9 uma empresa [&hellip;]<\/p>\n","protected":false},"author":1,"featured_media":0,"parent":0,"menu_order":0,"comment_status":"closed","ping_status":"closed","template":"","meta":{"footnotes":""},"class_list":["post-14","page","type-page","status-publish","hentry"],"yoast_head":"<!-- This site is optimized with the Yoast SEO plugin v27.5 - https:\/\/yoast.com\/product\/yoast-seo-wordpress\/ -->\n<title>Sobre - Elevamos sua gest\u00e3o ao pr\u00f3ximo n\u00edvel<\/title>\n<meta name=\"description\" content=\"Conhe\u00e7a a Transk: estrat\u00e9gia, gest\u00e3o e inova\u00e7\u00e3o para posicionar sua empresa de forma competitiva e gerar resultados sustent\u00e1veis.\" \/>\n<meta name=\"robots\" content=\"index, follow, max-snippet:-1, max-image-preview:large, max-video-preview:-1\" \/>\n<link rel=\"canonical\" href=\"https:\/\/transk.net\/en\/quem-somos\/\" \/>\n<meta property=\"og:locale\" content=\"en_GB\" \/>\n<meta property=\"og:type\" content=\"article\" \/>\n<meta property=\"og:title\" content=\"Sobre - Elevamos sua gest\u00e3o ao pr\u00f3ximo n\u00edvel\" \/>\n<meta property=\"og:description\" content=\"Conhe\u00e7a a Transk: estrat\u00e9gia, gest\u00e3o e inova\u00e7\u00e3o para posicionar sua empresa de forma competitiva e gerar resultados sustent\u00e1veis.\" \/>\n<meta property=\"og:url\" content=\"https:\/\/transk.net\/en\/quem-somos\/\" \/>\n<meta property=\"og:site_name\" content=\"Elevamos sua gest\u00e3o ao pr\u00f3ximo n\u00edvel\" \/>\n<meta property=\"article:modified_time\" content=\"2026-04-29T12:14:59+00:00\" \/>\n<meta property=\"og:image\" content=\"https:\/\/transk.net\/wp-content\/uploads\/2026\/04\/icon_solucoes.png\" \/>\n<meta name=\"twitter:card\" content=\"summary_large_image\" \/>\n<meta name=\"twitter:label1\" content=\"Est. reading time\" \/>\n\t<meta name=\"twitter:data1\" content=\"2 minutes\" \/>\n<script type=\"application\/ld+json\" class=\"yoast-schema-graph\">{\"@context\":\"https:\\\/\\\/schema.org\",\"@graph\":[{\"@type\":\"WebPage\",\"@id\":\"https:\\\/\\\/transk.net\\\/quem-somos\\\/\",\"url\":\"https:\\\/\\\/transk.net\\\/quem-somos\\\/\",\"name\":\"Sobre - Elevamos sua gest\u00e3o ao pr\u00f3ximo n\u00edvel\",\"isPartOf\":{\"@id\":\"https:\\\/\\\/transk.net\\\/#website\"},\"primaryImageOfPage\":{\"@id\":\"https:\\\/\\\/transk.net\\\/quem-somos\\\/#primaryimage\"},\"image\":{\"@id\":\"https:\\\/\\\/transk.net\\\/quem-somos\\\/#primaryimage\"},\"thumbnailUrl\":\"https:\\\/\\\/transk.net\\\/wp-content\\\/uploads\\\/2026\\\/04\\\/icon_solucoes.png\",\"datePublished\":\"2026-03-31T01:39:37+00:00\",\"dateModified\":\"2026-04-29T12:14:59+00:00\",\"description\":\"Conhe\u00e7a a Transk: estrat\u00e9gia, gest\u00e3o e inova\u00e7\u00e3o para posicionar sua empresa de forma competitiva e gerar resultados sustent\u00e1veis.\",\"breadcrumb\":{\"@id\":\"https:\\\/\\\/transk.net\\\/quem-somos\\\/#breadcrumb\"},\"inLanguage\":\"en-GB\",\"potentialAction\":[{\"@type\":\"ReadAction\",\"target\":[\"https:\\\/\\\/transk.net\\\/quem-somos\\\/\"]}]},{\"@type\":\"ImageObject\",\"inLanguage\":\"en-GB\",\"@id\":\"https:\\\/\\\/transk.net\\\/quem-somos\\\/#primaryimage\",\"url\":\"https:\\\/\\\/transk.net\\\/wp-content\\\/uploads\\\/2026\\\/04\\\/icon_solucoes.png\",\"contentUrl\":\"https:\\\/\\\/transk.net\\\/wp-content\\\/uploads\\\/2026\\\/04\\\/icon_solucoes.png\"},{\"@type\":\"BreadcrumbList\",\"@id\":\"https:\\\/\\\/transk.net\\\/quem-somos\\\/#breadcrumb\",\"itemListElement\":[{\"@type\":\"ListItem\",\"position\":1,\"name\":\"In\u00edcio\",\"item\":\"https:\\\/\\\/transk.net\\\/\"},{\"@type\":\"ListItem\",\"position\":2,\"name\":\"Sobre\"}]},{\"@type\":\"WebSite\",\"@id\":\"https:\\\/\\\/transk.net\\\/#website\",\"url\":\"https:\\\/\\\/transk.net\\\/\",\"name\":\"Transk Solu\u00e7\u00f5es Estrat\u00e9gicas\",\"description\":\"A Transk \u00e9 uma empresa especializada em solu\u00e7\u00f5es estrat\u00e9gicas em gest\u00e3o, conhecimento e governan\u00e7a corporativa, ajudando organiza\u00e7\u00f5es a evolu\u00edrem com foco em resultados, inova\u00e7\u00e3o e desenvolvimento cont\u00ednuo.\",\"publisher\":{\"@id\":\"https:\\\/\\\/transk.net\\\/#organization\"},\"alternateName\":\"Transk Solu\u00e7\u00f5es Estrat\u00e9gicas\",\"potentialAction\":[{\"@type\":\"SearchAction\",\"target\":{\"@type\":\"EntryPoint\",\"urlTemplate\":\"https:\\\/\\\/transk.net\\\/?s={search_term_string}\"},\"query-input\":{\"@type\":\"PropertyValueSpecification\",\"valueRequired\":true,\"valueName\":\"search_term_string\"}}],\"inLanguage\":\"en-GB\"},{\"@type\":\"Organization\",\"@id\":\"https:\\\/\\\/transk.net\\\/#organization\",\"name\":\"Transk Solu\u00e7\u00f5es Estrat\u00e9gicas\",\"alternateName\":\"Transk Solu\u00e7\u00f5es Estrat\u00e9gicas\",\"url\":\"https:\\\/\\\/transk.net\\\/\",\"logo\":{\"@type\":\"ImageObject\",\"inLanguage\":\"en-GB\",\"@id\":\"https:\\\/\\\/transk.net\\\/#\\\/schema\\\/logo\\\/image\\\/\",\"url\":\"https:\\\/\\\/transk.net\\\/wp-content\\\/uploads\\\/2026\\\/03\\\/cropped-logo.png\",\"contentUrl\":\"https:\\\/\\\/transk.net\\\/wp-content\\\/uploads\\\/2026\\\/03\\\/cropped-logo.png\",\"width\":512,\"height\":512,\"caption\":\"Transk Solu\u00e7\u00f5es Estrat\u00e9gicas\"},\"image\":{\"@id\":\"https:\\\/\\\/transk.net\\\/#\\\/schema\\\/logo\\\/image\\\/\"}}]}<\/script>\n<!-- \/ Yoast SEO plugin. -->","yoast_head_json":{"title":"Sobre - Elevamos sua gest\u00e3o ao pr\u00f3ximo n\u00edvel","description":"Conhe\u00e7a a Transk: estrat\u00e9gia, gest\u00e3o e inova\u00e7\u00e3o para posicionar sua empresa de forma competitiva e gerar resultados sustent\u00e1veis.","robots":{"index":"index","follow":"follow","max-snippet":"max-snippet:-1","max-image-preview":"max-image-preview:large","max-video-preview":"max-video-preview:-1"},"canonical":"https:\/\/transk.net\/en\/quem-somos\/","og_locale":"en_GB","og_type":"article","og_title":"Sobre - Elevamos sua gest\u00e3o ao pr\u00f3ximo n\u00edvel","og_description":"Conhe\u00e7a a Transk: estrat\u00e9gia, gest\u00e3o e inova\u00e7\u00e3o para posicionar sua empresa de forma competitiva e gerar resultados sustent\u00e1veis.","og_url":"https:\/\/transk.net\/en\/quem-somos\/","og_site_name":"Elevamos sua gest\u00e3o ao pr\u00f3ximo n\u00edvel","article_modified_time":"2026-04-29T12:14:59+00:00","og_image":[{"url":"https:\/\/transk.net\/wp-content\/uploads\/2026\/04\/icon_solucoes.png","type":"","width":"","height":""}],"twitter_card":"summary_large_image","twitter_misc":{"Est. reading time":"2 minutes"},"schema":{"@context":"https:\/\/schema.org","@graph":[{"@type":"WebPage","@id":"https:\/\/transk.net\/quem-somos\/","url":"https:\/\/transk.net\/quem-somos\/","name":"Sobre - Elevamos sua gest\u00e3o ao pr\u00f3ximo n\u00edvel","isPartOf":{"@id":"https:\/\/transk.net\/#website"},"primaryImageOfPage":{"@id":"https:\/\/transk.net\/quem-somos\/#primaryimage"},"image":{"@id":"https:\/\/transk.net\/quem-somos\/#primaryimage"},"thumbnailUrl":"https:\/\/transk.net\/wp-content\/uploads\/2026\/04\/icon_solucoes.png","datePublished":"2026-03-31T01:39:37+00:00","dateModified":"2026-04-29T12:14:59+00:00","description":"Conhe\u00e7a a Transk: estrat\u00e9gia, gest\u00e3o e inova\u00e7\u00e3o para posicionar sua empresa de forma competitiva e gerar resultados sustent\u00e1veis.","breadcrumb":{"@id":"https:\/\/transk.net\/quem-somos\/#breadcrumb"},"inLanguage":"en-GB","potentialAction":[{"@type":"ReadAction","target":["https:\/\/transk.net\/quem-somos\/"]}]},{"@type":"ImageObject","inLanguage":"en-GB","@id":"https:\/\/transk.net\/quem-somos\/#primaryimage","url":"https:\/\/transk.net\/wp-content\/uploads\/2026\/04\/icon_solucoes.png","contentUrl":"https:\/\/transk.net\/wp-content\/uploads\/2026\/04\/icon_solucoes.png"},{"@type":"BreadcrumbList","@id":"https:\/\/transk.net\/quem-somos\/#breadcrumb","itemListElement":[{"@type":"ListItem","position":1,"name":"In\u00edcio","item":"https:\/\/transk.net\/"},{"@type":"ListItem","position":2,"name":"Sobre"}]},{"@type":"WebSite","@id":"https:\/\/transk.net\/#website","url":"https:\/\/transk.net\/","name":"Transk Solu\u00e7\u00f5es Estrat\u00e9gicas","description":"A Transk \u00e9 uma empresa especializada em solu\u00e7\u00f5es estrat\u00e9gicas em gest\u00e3o, conhecimento e governan\u00e7a corporativa, ajudando organiza\u00e7\u00f5es a evolu\u00edrem com foco em resultados, inova\u00e7\u00e3o e desenvolvimento cont\u00ednuo.","publisher":{"@id":"https:\/\/transk.net\/#organization"},"alternateName":"Transk Solu\u00e7\u00f5es Estrat\u00e9gicas","potentialAction":[{"@type":"SearchAction","target":{"@type":"EntryPoint","urlTemplate":"https:\/\/transk.net\/?s={search_term_string}"},"query-input":{"@type":"PropertyValueSpecification","valueRequired":true,"valueName":"search_term_string"}}],"inLanguage":"en-GB"},{"@type":"Organization","@id":"https:\/\/transk.net\/#organization","name":"Transk Solu\u00e7\u00f5es Estrat\u00e9gicas","alternateName":"Transk Solu\u00e7\u00f5es Estrat\u00e9gicas","url":"https:\/\/transk.net\/","logo":{"@type":"ImageObject","inLanguage":"en-GB","@id":"https:\/\/transk.net\/#\/schema\/logo\/image\/","url":"https:\/\/transk.net\/wp-content\/uploads\/2026\/03\/cropped-logo.png","contentUrl":"https:\/\/transk.net\/wp-content\/uploads\/2026\/03\/cropped-logo.png","width":512,"height":512,"caption":"Transk Solu\u00e7\u00f5es Estrat\u00e9gicas"},"image":{"@id":"https:\/\/transk.net\/#\/schema\/logo\/image\/"}}]}},"_hostinger_reach_plugin_has_subscription_block":false,"_hostinger_reach_plugin_is_elementor":false,"_links":{"self":[{"href":"https:\/\/transk.net\/en\/wp-json\/wp\/v2\/pages\/14","targetHints":{"allow":["GET"]}}],"collection":[{"href":"https:\/\/transk.net\/en\/wp-json\/wp\/v2\/pages"}],"about":[{"href":"https:\/\/transk.net\/en\/wp-json\/wp\/v2\/types\/page"}],"author":[{"embeddable":true,"href":"https:\/\/transk.net\/en\/wp-json\/wp\/v2\/users\/1"}],"replies":[{"embeddable":true,"href":"https:\/\/transk.net\/en\/wp-json\/wp\/v2\/comments?post=14"}],"version-history":[{"count":79,"href":"https:\/\/transk.net\/en\/wp-json\/wp\/v2\/pages\/14\/revisions"}],"predecessor-version":[{"id":1948,"href":"https:\/\/transk.net\/en\/wp-json\/wp\/v2\/pages\/14\/revisions\/1948"}],"wp:attachment":[{"href":"https:\/\/transk.net\/en\/wp-json\/wp\/v2\/media?parent=14"}],"curies":[{"name":"wp","href":"https:\/\/api.w.org\/{rel}","templated":true}]}}